{"id":32677,"date":"2024-12-18T08:54:04","date_gmt":"2024-12-18T08:54:04","guid":{"rendered":"https:\/\/usapulseseu.org\/kontakt\/"},"modified":"2025-05-23T15:01:20","modified_gmt":"2025-05-23T15:01:20","slug":"kontakt","status":"publish","type":"page","link":"https:\/\/usapulseseu.org\/de\/kontakt\/","title":{"rendered":"Kontakt"},"content":{"rendered":"<p>[et_pb_section fb_built=&#8220;1&#8243; _builder_version=&#8220;4.27.4&#8243; _module_preset=&#8220;default&#8220; background_image=&#8220;https:\/\/usapulseseu.org\/wp-content\/uploads\/2024\/12\/image-header-4.png&#8220; min_height=&#8220;50vh&#8220; custom_css_main_element=&#8220;display: flex;||flex-direction: column;||justify-content: center;&#8220; global_colors_info=&#8220;{}&#8220;][et_pb_row _builder_version=&#8220;4.27.4&#8243; _module_preset=&#8220;default&#8220; global_colors_info=&#8220;{}&#8220;][et_pb_column type=&#8220;4_4&#8243; _builder_version=&#8220;4.27.4&#8243; _module_preset=&#8220;default&#8220; global_colors_info=&#8220;{}&#8220;][et_pb_heading title=&#8220;Kontakt&#8220; _builder_version=&#8220;4.27.4&#8243; _module_preset=&#8220;default&#8220; title_text_align=&#8220;center&#8220; title_text_color=&#8220;#FFFFFF&#8220; title_font_size=&#8220;200px&#8220; title_font_size_tablet=&#8220;200px&#8220; title_font_size_phone=&#8220;50px&#8220; title_font_size_last_edited=&#8220;on|phone&#8220; global_colors_info=&#8220;{}&#8220;][\/et_pb_heading][\/et_pb_column][\/et_pb_row][\/et_pb_section][et_pb_section fb_built=&#8220;1&#8243; _builder_version=&#8220;4.27.4&#8243; _module_preset=&#8220;default&#8220; global_colors_info=&#8220;{}&#8220;][et_pb_row column_structure=&#8220;1_2,1_2&#8243; _builder_version=&#8220;4.27.4&#8243; _module_preset=&#8220;default&#8220; global_colors_info=&#8220;{}&#8220;][et_pb_column type=&#8220;1_2&#8243; _builder_version=&#8220;4.27.4&#8243; _module_preset=&#8220;default&#8220; global_colors_info=&#8220;{}&#8220;][et_pb_heading title=&#8220;Allgemeine Anfragen&#8220; _builder_version=&#8220;4.27.4&#8243; _module_preset=&#8220;default&#8220; global_colors_info=&#8220;{}&#8220;][\/et_pb_heading][et_pb_text _builder_version=&#8220;4.27.4&#8243; _module_preset=&#8220;default&#8220; global_colors_info=&#8220;{}&#8220;]<\/p>\n<p class=\"p1\">Wo immer Sie auf der Welt sind, wir sind nur eine Nachricht entfernt. Nehmen Sie Kontakt auf, um sich zu vernetzen, zusammenzuarbeiten oder mehr \u00fcber USA Pulses Europe zu erfahren.   <\/p>\n<p class=\"p1\">[\/et_pb_text][et_pb_heading title=&#8220;Folgen Sie uns&#8220; _builder_version=&#8220;4.27.4&#8243; _module_preset=&#8220;default&#8220; global_colors_info=&#8220;{}&#8220;][\/et_pb_heading][dipi_table_maker column_count=&#8220;5&#8243; column_header_count=&#8220;0&#8243; set_width_by=&#8220;cell&#8220; cell_max_width=&#8220;50px&#8220; cell_padding=&#8220;0px|12px|0px|0px|false|false&#8220; _builder_version=&#8220;4.27.4&#8243; _module_preset=&#8220;default&#8220; max_width=&#8220;80%&#8220; hover_enabled=&#8220;0&#8243; border_color_all_table=&#8220;RGBA(255,255,255,0)&#8220; locked=&#8220;off&#8220; global_colors_info=&#8220;{}&#8220; sticky_enabled=&#8220;0&#8243;][dipi_table_maker_child use_content_icon=&#8220;on&#8220; content_icon=&#8220;&#xe093;||divi||400&#8243; col_span_num=&#8220;0&#8243; content_icon_color=&#8220;#000000&#8243; content_image_icon_width=&#8220;24px&#8220; _builder_version=&#8220;4.27.4&#8243; _module_preset=&#8220;default&#8220; hover_enabled=&#8220;0&#8243; global_colors_info=&#8220;{}&#8220; link_option_url=&#8220;https:\/\/www.facebook.com\/USAPulsesEurope&#8220; link_option_url_new_window=&#8220;on&#8220; sticky_enabled=&#8220;0&#8243;][\/dipi_table_maker_child][dipi_table_maker_child use_content_icon=&#8220;on&#8220; content_icon=&#8220;&#xf16d;||fa||400&#8243; content_icon_color=&#8220;#000000&#8243; content_image_icon_width=&#8220;30px&#8220; _builder_version=&#8220;4.27.4&#8243; _module_preset=&#8220;default&#8220; hover_enabled=&#8220;0&#8243; global_colors_info=&#8220;{}&#8220; sticky_enabled=&#8220;0&#8243; link_option_url=&#8220;https:\/\/www.instagram.com\/usapulseseurope\/&#8220; link_option_url_new_window=&#8220;on&#8220;][\/dipi_table_maker_child][dipi_table_maker_child use_content_icon=&#8220;on&#8220; content_icon=&#8220;&#xe07b;||fa||400&#8243; content_icon_color=&#8220;#000000&#8243; content_image_icon_width=&#8220;28px&#8220; _builder_version=&#8220;4.27.4&#8243; _module_preset=&#8220;default&#8220; hover_enabled=&#8220;0&#8243; global_colors_info=&#8220;{}&#8220; sticky_enabled=&#8220;0&#8243; link_option_url=&#8220;https:\/\/www.tiktok.com\/@usapulseseurope&#8220; link_option_url_new_window=&#8220;on&#8220;][\/dipi_table_maker_child][\/dipi_table_maker][\/et_pb_column][et_pb_column type=&#8220;1_2&#8243; _builder_version=&#8220;4.27.4&#8243; _module_preset=&#8220;default&#8220; global_colors_info=&#8220;{}&#8220;][et_pb_contact_form captcha=&#8220;off&#8220; _builder_version=&#8220;4.27.4&#8243; _module_preset=&#8220;default&#8220; _unique_id=&#8220;fd0ca5a5-7a53-4640-9ad2-aa5933f2dbb0&#8243; custom_button=&#8220;on&#8220; button_bg_color=&#8220;gcid-a2cce56f-8b6d-49c7-96ea-cdeacb74cc31&#8243; button_use_icon=&#8220;off&#8220; global_colors_info=&#8220;{%22gcid-a2cce56f-8b6d-49c7-96ea-cdeacb74cc31%22:%91%22button_bg_color%22%93,%22gcid-940cbb5c-2593-4aeb-a0f5-c0a882d6ef64%22:%91%22button_bg_color__hover%22%93,%22gcid-b145c442-3379-4669-afd8-2dc17eff016f%22:%91%22button_text_color__hover%22%93}&#8220; button_bg_color__hover_enabled=&#8220;on|hover&#8220; button_bg_color__hover=&#8220;#332f21&#8243; button_bg_enable_color__hover=&#8220;on&#8220; button_text_color__hover_enabled=&#8220;on|hover&#8220; button_text_color__hover=&#8220;#ffc72c&#8220;][et_pb_contact_field field_id=&#8220;Name&#8220; field_title=&#8220;Name&#8220; _builder_version=&#8220;4.16&#8243; global_colors_info=&#8220;{}&#8220; button_text_size__hover_enabled=&#8220;off&#8220; button_one_text_size__hover_enabled=&#8220;off&#8220; button_two_text_size__hover_enabled=&#8220;off&#8220; button_text_color__hover_enabled=&#8220;off&#8220; button_one_text_color__hover_enabled=&#8220;off&#8220; button_two_text_color__hover_enabled=&#8220;off&#8220; button_border_width__hover_enabled=&#8220;off&#8220; button_one_border_width__hover_enabled=&#8220;off&#8220; button_two_border_width__hover_enabled=&#8220;off&#8220; button_border_color__hover_enabled=&#8220;off&#8220; button_one_border_color__hover_enabled=&#8220;off&#8220; button_two_border_color__hover_enabled=&#8220;off&#8220; button_border_radius__hover_enabled=&#8220;off&#8220; button_one_border_radius__hover_enabled=&#8220;off&#8220; button_two_border_radius__hover_enabled=&#8220;off&#8220; button_letter_spacing__hover_enabled=&#8220;off&#8220; button_one_letter_spacing__hover_enabled=&#8220;off&#8220; button_two_letter_spacing__hover_enabled=&#8220;off&#8220; button_bg_color__hover_enabled=&#8220;off&#8220; button_one_bg_color__hover_enabled=&#8220;off&#8220; button_two_bg_color__hover_enabled=&#8220;off&#8220;][\/et_pb_contact_field][et_pb_contact_field field_id=&#8220;Email&#8220; field_title=&#8220;Email Address&#8220; field_type=&#8220;email&#8220; _builder_version=&#8220;4.16&#8243; global_colors_info=&#8220;{}&#8220; button_text_size__hover_enabled=&#8220;off&#8220; button_one_text_size__hover_enabled=&#8220;off&#8220; button_two_text_size__hover_enabled=&#8220;off&#8220; button_text_color__hover_enabled=&#8220;off&#8220; button_one_text_color__hover_enabled=&#8220;off&#8220; button_two_text_color__hover_enabled=&#8220;off&#8220; button_border_width__hover_enabled=&#8220;off&#8220; button_one_border_width__hover_enabled=&#8220;off&#8220; button_two_border_width__hover_enabled=&#8220;off&#8220; button_border_color__hover_enabled=&#8220;off&#8220; button_one_border_color__hover_enabled=&#8220;off&#8220; button_two_border_color__hover_enabled=&#8220;off&#8220; button_border_radius__hover_enabled=&#8220;off&#8220; button_one_border_radius__hover_enabled=&#8220;off&#8220; button_two_border_radius__hover_enabled=&#8220;off&#8220; button_letter_spacing__hover_enabled=&#8220;off&#8220; button_one_letter_spacing__hover_enabled=&#8220;off&#8220; button_two_letter_spacing__hover_enabled=&#8220;off&#8220; button_bg_color__hover_enabled=&#8220;off&#8220; button_one_bg_color__hover_enabled=&#8220;off&#8220; button_two_bg_color__hover_enabled=&#8220;off&#8220;][\/et_pb_contact_field][et_pb_contact_field field_id=&#8220;Message&#8220; field_title=&#8220;Message&#8220; field_type=&#8220;text&#8220; fullwidth_field=&#8220;on&#8220; _builder_version=&#8220;4.16&#8243; global_colors_info=&#8220;{}&#8220; button_text_size__hover_enabled=&#8220;off&#8220; button_one_text_size__hover_enabled=&#8220;off&#8220; button_two_text_size__hover_enabled=&#8220;off&#8220; button_text_color__hover_enabled=&#8220;off&#8220; button_one_text_color__hover_enabled=&#8220;off&#8220; button_two_text_color__hover_enabled=&#8220;off&#8220; button_border_width__hover_enabled=&#8220;off&#8220; button_one_border_width__hover_enabled=&#8220;off&#8220; button_two_border_width__hover_enabled=&#8220;off&#8220; button_border_color__hover_enabled=&#8220;off&#8220; button_one_border_color__hover_enabled=&#8220;off&#8220; button_two_border_color__hover_enabled=&#8220;off&#8220; button_border_radius__hover_enabled=&#8220;off&#8220; button_one_border_radius__hover_enabled=&#8220;off&#8220; button_two_border_radius__hover_enabled=&#8220;off&#8220; button_letter_spacing__hover_enabled=&#8220;off&#8220; button_one_letter_spacing__hover_enabled=&#8220;off&#8220; button_two_letter_spacing__hover_enabled=&#8220;off&#8220; button_bg_color__hover_enabled=&#8220;off&#8220; button_one_bg_color__hover_enabled=&#8220;off&#8220; button_two_bg_color__hover_enabled=&#8220;off&#8220;][\/et_pb_contact_field][et_pb_contact_field field_id=&#8220;Anfrage&#8220; field_title=&#8220;Anfrage&#8220; field_type=&#8220;radio&#8220; radio_options=&#8220;%91{%22value%22:%22Marketing und Kommunikation%22,%22checked%22:0,%22dragID%22:-1},{%22value%22:%22 Workshops und Schulungen%22,%22checked%22:0,%22dragID%22:0},{%22value%22:%22Produkte und Lieferanten%22,%22checked%22:0,%22dragID%22:1}%93&#8243; fullwidth_field=&#8220;on&#8220; _builder_version=&#8220;4.27.4&#8243; _module_preset=&#8220;default&#8220; global_colors_info=&#8220;{}&#8220;][\/et_pb_contact_field][\/et_pb_contact_form][\/et_pb_column][\/et_pb_row][\/et_pb_section]<\/p>\n","protected":false},"excerpt":{"rendered":"<p>Wo immer Sie auf der Welt sind, wir sind nur eine Nachricht entfernt. Nehmen Sie Kontakt auf, um sich zu vernetzen, zusammenzuarbeiten oder mehr \u00fcber USA Pulses Europe zu erfahren. <div class=\"et_pb_with_border et_pb_module dipi_table_maker dipi_table_maker_0\">\n\t\t\t\t\n\t\t\t\t\n\t\t\t\t\n\t\t\t\t\n\t\t\t\t\n\t\t\t\t\n\t\t\t\t<div class=\"et_pb_module_inner\">\n\t\t\t\t\t<div class=\"dipi-table-maker icon_image_place_top icon_image_place_top_tablet icon_image_place_top_phone show_lightbox show_lightbox_tablet show_lightbox_phone\" data-config=\"{&quot;break&quot;:&quot;off&quot;,&quot;display&quot;:&quot;off&quot;}\" data-break=\"off\">\n          \n          \n          <div\n            class=\"dipi_use_parent_button_icon\"\n            data-icon=\"5\"\n            data-icon-tablet=\"5\"\n            data-icon-phone=\"5\"\n          >\n            <table><\/thead><\/tbody><\/table>\n          <\/div>\n          \n          \n      <\/div>\n\t\t\t\t<\/div>\n\t\t\t<\/div><div class=\"et_pb_module dipi_table_maker_child dipi_table_maker_child_0 et_clickable\">\n\t\t\t\t\n\t\t\t\t\n\t\t\t\t\n\t\t\t\t\n\t\t\t\t\n\t\t\t\t\n\t\t\t\t<div class=\"et_pb_module_inner\">\n\t\t\t\t\t\n\t\t\t\t<\/div>\n\t\t\t<\/div><\/p>\n","protected":false},"author":2,"featured_media":0,"parent":0,"menu_order":0,"comment_status":"closed","ping_status":"closed","template":"","meta":{"_acf_changed":false,"_et_pb_use_builder":"on","_et_pb_old_content":"","_et_gb_content_width":"","footnotes":""},"dipi_cpt_category":[],"class_list":["post-32677","page","type-page","status-publish","hentry"],"acf":[],"yoast_head":"<!-- This site is optimized with the Yoast SEO plugin v26.9 - https:\/\/yoast.com\/product\/yoast-seo-wordpress\/ -->\n<title>Kontakt - USA Pulses EU<\/title>\n<meta name=\"robots\" content=\"index, follow, max-snippet:-1, max-image-preview:large, max-video-preview:-1\" \/>\n<link rel=\"canonical\" href=\"https:\/\/usapulseseu.org\/de\/kontakt\/\" \/>\n<meta property=\"og:locale\" content=\"de_DE\" \/>\n<meta property=\"og:type\" content=\"article\" \/>\n<meta property=\"og:title\" content=\"Kontakt - USA Pulses EU\" \/>\n<meta property=\"og:description\" content=\"Kennen Sie Ihre PulsePINTO BANNEVorbereitung und Kommentare Entschorene Linsen sind schnell gekocht und eignen sich perfekt f\u00fcr Suppen, Eint\u00f6pfe und Dals. Sie enthalten weniger Ballaststoffe und Tannin als ganze Linsen, was sie leichter verdaulich macht. Besonders geeignet f\u00fcr kleine Kinder und \u00e4ltere Erwachsene. Geschmack Diese Linse verliert bei der Entschalung teilweise ihren pflanzlichen Geschmack (haupts\u00e4chlich [&hellip;]\" \/>\n<meta property=\"og:site_name\" content=\"USA Pulses EU\" \/>\n<meta property=\"article:publisher\" content=\"https:\/\/www.facebook.com\/USAPulsesEurope\" \/>\n<meta property=\"article:modified_time\" content=\"2025-05-23T15:01:20+00:00\" \/>\n<meta name=\"twitter:card\" content=\"summary_large_image\" \/>\n<meta name=\"twitter:label1\" content=\"Est. reading time\" \/>\n\t<meta name=\"twitter:data1\" content=\"6\u00a0Minuten\" \/>\n<script type=\"application\/ld+json\" class=\"yoast-schema-graph\">{\"@context\":\"https:\/\/schema.org\",\"@graph\":[{\"@type\":\"WebPage\",\"@id\":\"https:\/\/usapulseseu.org\/de\/kontakt\/\",\"url\":\"https:\/\/usapulseseu.org\/de\/kontakt\/\",\"name\":\"Kontakt - USA Pulses EU\",\"isPartOf\":{\"@id\":\"https:\/\/usapulseseu.org\/fr\/#website\"},\"datePublished\":\"2024-12-18T08:54:04+00:00\",\"dateModified\":\"2025-05-23T15:01:20+00:00\",\"breadcrumb\":{\"@id\":\"https:\/\/usapulseseu.org\/de\/kontakt\/#breadcrumb\"},\"inLanguage\":\"de\",\"potentialAction\":[{\"@type\":\"ReadAction\",\"target\":[\"https:\/\/usapulseseu.org\/de\/kontakt\/\"]}]},{\"@type\":\"BreadcrumbList\",\"@id\":\"https:\/\/usapulseseu.org\/de\/kontakt\/#breadcrumb\",\"itemListElement\":[{\"@type\":\"ListItem\",\"position\":1,\"name\":\"Home\",\"item\":\"https:\/\/usapulseseu.org\/\"},{\"@type\":\"ListItem\",\"position\":2,\"name\":\"Kontakt\"}]},{\"@type\":\"WebSite\",\"@id\":\"https:\/\/usapulseseu.org\/fr\/#website\",\"url\":\"https:\/\/usapulseseu.org\/fr\/\",\"name\":\"USA Pulses EU\",\"description\":\"USA Pulses EU is the European home of pulses from the USA\",\"publisher\":{\"@id\":\"https:\/\/usapulseseu.org\/fr\/#organization\"},\"potentialAction\":[{\"@type\":\"SearchAction\",\"target\":{\"@type\":\"EntryPoint\",\"urlTemplate\":\"https:\/\/usapulseseu.org\/fr\/?s={search_term_string}\"},\"query-input\":{\"@type\":\"PropertyValueSpecification\",\"valueRequired\":true,\"valueName\":\"search_term_string\"}}],\"inLanguage\":\"de\"},{\"@type\":\"Organization\",\"@id\":\"https:\/\/usapulseseu.org\/fr\/#organization\",\"name\":\"USA Pulses EU\",\"url\":\"https:\/\/usapulseseu.org\/fr\/\",\"logo\":{\"@type\":\"ImageObject\",\"inLanguage\":\"de\",\"@id\":\"https:\/\/usapulseseu.org\/fr\/#\/schema\/logo\/image\/\",\"url\":\"https:\/\/usapulseseu.org\/wp-content\/uploads\/2025\/06\/USA-Pulses-Favicon.png\",\"contentUrl\":\"https:\/\/usapulseseu.org\/wp-content\/uploads\/2025\/06\/USA-Pulses-Favicon.png\",\"width\":512,\"height\":512,\"caption\":\"USA Pulses EU\"},\"image\":{\"@id\":\"https:\/\/usapulseseu.org\/fr\/#\/schema\/logo\/image\/\"},\"sameAs\":[\"https:\/\/www.facebook.com\/USAPulsesEurope\",\"https:\/\/www.instagram.com\/usapulseseurope\/\",\"https:\/\/www.tiktok.com\/@usapulseseurope\"]}]}<\/script>\n<!-- \/ Yoast SEO plugin. -->","yoast_head_json":{"title":"Kontakt - USA Pulses EU","robots":{"index":"index","follow":"follow","max-snippet":"max-snippet:-1","max-image-preview":"max-image-preview:large","max-video-preview":"max-video-preview:-1"},"canonical":"https:\/\/usapulseseu.org\/de\/kontakt\/","og_locale":"de_DE","og_type":"article","og_title":"Kontakt - USA Pulses EU","og_description":"Kennen Sie Ihre PulsePINTO BANNEVorbereitung und Kommentare Entschorene Linsen sind schnell gekocht und eignen sich perfekt f\u00fcr Suppen, Eint\u00f6pfe und Dals. Sie enthalten weniger Ballaststoffe und Tannin als ganze Linsen, was sie leichter verdaulich macht. Besonders geeignet f\u00fcr kleine Kinder und \u00e4ltere Erwachsene. Geschmack Diese Linse verliert bei der Entschalung teilweise ihren pflanzlichen Geschmack (haupts\u00e4chlich [&hellip;]","og_site_name":"USA Pulses EU","article_publisher":"https:\/\/www.facebook.com\/USAPulsesEurope","article_modified_time":"2025-05-23T15:01:20+00:00","twitter_card":"summary_large_image","twitter_misc":{"Est. reading time":"6\u00a0Minuten"},"schema":{"@context":"https:\/\/schema.org","@graph":[{"@type":"WebPage","@id":"https:\/\/usapulseseu.org\/de\/kontakt\/","url":"https:\/\/usapulseseu.org\/de\/kontakt\/","name":"Kontakt - USA Pulses EU","isPartOf":{"@id":"https:\/\/usapulseseu.org\/fr\/#website"},"datePublished":"2024-12-18T08:54:04+00:00","dateModified":"2025-05-23T15:01:20+00:00","breadcrumb":{"@id":"https:\/\/usapulseseu.org\/de\/kontakt\/#breadcrumb"},"inLanguage":"de","potentialAction":[{"@type":"ReadAction","target":["https:\/\/usapulseseu.org\/de\/kontakt\/"]}]},{"@type":"BreadcrumbList","@id":"https:\/\/usapulseseu.org\/de\/kontakt\/#breadcrumb","itemListElement":[{"@type":"ListItem","position":1,"name":"Home","item":"https:\/\/usapulseseu.org\/"},{"@type":"ListItem","position":2,"name":"Kontakt"}]},{"@type":"WebSite","@id":"https:\/\/usapulseseu.org\/fr\/#website","url":"https:\/\/usapulseseu.org\/fr\/","name":"USA Pulses EU","description":"USA Pulses EU is the European home of pulses from the USA","publisher":{"@id":"https:\/\/usapulseseu.org\/fr\/#organization"},"potentialAction":[{"@type":"SearchAction","target":{"@type":"EntryPoint","urlTemplate":"https:\/\/usapulseseu.org\/fr\/?s={search_term_string}"},"query-input":{"@type":"PropertyValueSpecification","valueRequired":true,"valueName":"search_term_string"}}],"inLanguage":"de"},{"@type":"Organization","@id":"https:\/\/usapulseseu.org\/fr\/#organization","name":"USA Pulses EU","url":"https:\/\/usapulseseu.org\/fr\/","logo":{"@type":"ImageObject","inLanguage":"de","@id":"https:\/\/usapulseseu.org\/fr\/#\/schema\/logo\/image\/","url":"https:\/\/usapulseseu.org\/wp-content\/uploads\/2025\/06\/USA-Pulses-Favicon.png","contentUrl":"https:\/\/usapulseseu.org\/wp-content\/uploads\/2025\/06\/USA-Pulses-Favicon.png","width":512,"height":512,"caption":"USA Pulses EU"},"image":{"@id":"https:\/\/usapulseseu.org\/fr\/#\/schema\/logo\/image\/"},"sameAs":["https:\/\/www.facebook.com\/USAPulsesEurope","https:\/\/www.instagram.com\/usapulseseurope\/","https:\/\/www.tiktok.com\/@usapulseseurope"]}]}},"featured_image_src":null,"featured_image_src_square":null,"_links":{"self":[{"href":"https:\/\/usapulseseu.org\/de\/wp-json\/wp\/v2\/pages\/32677","targetHints":{"allow":["GET"]}}],"collection":[{"href":"https:\/\/usapulseseu.org\/de\/wp-json\/wp\/v2\/pages"}],"about":[{"href":"https:\/\/usapulseseu.org\/de\/wp-json\/wp\/v2\/types\/page"}],"author":[{"embeddable":true,"href":"https:\/\/usapulseseu.org\/de\/wp-json\/wp\/v2\/users\/2"}],"replies":[{"embeddable":true,"href":"https:\/\/usapulseseu.org\/de\/wp-json\/wp\/v2\/comments?post=32677"}],"version-history":[{"count":0,"href":"https:\/\/usapulseseu.org\/de\/wp-json\/wp\/v2\/pages\/32677\/revisions"}],"wp:attachment":[{"href":"https:\/\/usapulseseu.org\/de\/wp-json\/wp\/v2\/media?parent=32677"}],"wp:term":[{"taxonomy":"dipi_cpt_category","embeddable":true,"href":"https:\/\/usapulseseu.org\/de\/wp-json\/wp\/v2\/dipi_cpt_category?post=32677"}],"curies":[{"name":"wp","href":"https:\/\/api.w.org\/{rel}","templated":true}]}}