{"id":32712,"date":"2025-04-16T23:42:04","date_gmt":"2025-04-16T23:42:04","guid":{"rendered":"https:\/\/usapulseseu.org\/soziale-auswirkungen\/"},"modified":"2025-05-22T12:33:45","modified_gmt":"2025-05-22T12:33:45","slug":"soziale-auswirkungen","status":"publish","type":"page","link":"https:\/\/usapulseseu.org\/de\/vorteile\/soziale-auswirkungen\/","title":{"rendered":"Soziale Auswirkungen"},"content":{"rendered":"<p>[et_pb_section fb_built=&#8220;1&#8243; _builder_version=&#8220;4.27.4&#8243; _module_preset=&#8220;default&#8220; background_image=&#8220;https:\/\/usapulseseu.org\/wp-content\/uploads\/2024\/12\/image-header-1.png&#8220; min_height=&#8220;50vh&#8220; custom_css_main_element=&#8220;display: flex;||flex-direction: column;||justify-content: center;&#8220; global_colors_info=&#8220;{}&#8220;][et_pb_row column_structure=&#8220;3_5,2_5&#8243; _builder_version=&#8220;4.27.4&#8243; _module_preset=&#8220;default&#8220; global_colors_info=&#8220;{}&#8220;][et_pb_column type=&#8220;3_5&#8243; _builder_version=&#8220;4.27.4&#8243; _module_preset=&#8220;default&#8220; global_colors_info=&#8220;{}&#8220;][et_pb_heading title=&#8220;Soziale Auswirkungen&#8220; _builder_version=&#8220;4.27.4&#8243; _module_preset=&#8220;default&#8220; title_text_color=&#8220;#FFFFFF&#8220; title_font_size=&#8220;75px&#8220; global_colors_info=&#8220;{}&#8220;][\/et_pb_heading][\/et_pb_column][et_pb_column type=&#8220;2_5&#8243; _builder_version=&#8220;4.27.4&#8243; _module_preset=&#8220;default&#8220; global_colors_info=&#8220;{}&#8220;][et_pb_text _builder_version=&#8220;4.27.4&#8243; _module_preset=&#8220;default&#8220; text_text_color=&#8220;#FFFFFF&#8220; global_colors_info=&#8220;{}&#8220;]<\/p>\n<p><strong>Dank ihres robusten N\u00e4hrstoffprofils, ihres angenehmen Geschmacks, ihrer vergleichsweise geringen Kosten und ihrer Vielseitigkeit beim Kochen sind H\u00fclsenfr\u00fcchte seit Jahrtausenden ein wichtiger Bestandteil der menschlichen Ern\u00e4hrung. In der heutigen Welt mit einer st\u00e4ndig wachsenden Bev\u00f6lkerung ist es wichtig, die sozialen Auswirkungen zu erkennen, die H\u00fclsenfr\u00fcchte auf die Gesellschaft haben und in den n\u00e4chsten Jahrzehnten haben werden. <\/strong><\/p>\n<p>[\/et_pb_text][\/et_pb_column][\/et_pb_row][\/et_pb_section][et_pb_section fb_built=&#8220;1&#8243; _builder_version=&#8220;4.27.4&#8243; _module_preset=&#8220;default&#8220; global_colors_info=&#8220;{}&#8220;][et_pb_row column_structure=&#8220;1_2,1_2&#8243; _builder_version=&#8220;4.27.4&#8243; _module_preset=&#8220;default&#8220; global_colors_info=&#8220;{}&#8220;][et_pb_column type=&#8220;1_2&#8243; _builder_version=&#8220;4.27.4&#8243; _module_preset=&#8220;default&#8220; custom_padding=&#8220;|40px|||false|false&#8220; global_colors_info=&#8220;{}&#8220;][et_pb_heading title=&#8220;Essen Sie mehr f\u00fcr weniger&#8220; _builder_version=&#8220;4.27.4&#8243; _module_preset=&#8220;default&#8220; title_font=&#8220;EB Garamond|500|||||||&#8220; global_colors_info=&#8220;{}&#8220;][\/et_pb_heading][et_pb_text _builder_version=&#8220;4.27.4&#8243; _module_preset=&#8220;default&#8220; global_colors_info=&#8220;{}&#8220;]<\/p>\n<h3 class=\"elementor-icon-box-title\"><span>H\u00fclsenfr\u00fcchte sind auf der ganzen Welt ein Grundnahrungsmittel und spielen in vielen traditionellen K\u00fcchen eine wichtige Rolle.<\/span><\/h3>\n<p>[\/et_pb_text][et_pb_text _builder_version=&#8220;4.27.4&#8243; _module_preset=&#8220;default&#8220; global_colors_info=&#8220;{}&#8220;]<\/p>\n<div class=\"elementor-element elementor-element-44502b3 elementor-widget elementor-widget-text-editor is-mac\" data-id=\"44502b3\" data-element_type=\"widget\" data-widget_type=\"text-editor.default\">\n<div class=\"elementor-widget-container\">\n<p>Dar\u00fcber hinaus sind sie ein wichtiger Bestandteil des aktuellen gesellschaftlichen und gastronomischen Trends hin zu einer Ern\u00e4hrung, die reich an Gem\u00fcse und pflanzlichen Proteinen ist und weniger von tierischen Proteinen abh\u00e4ngt.<\/p>\n<\/div>\n<\/div>\n<div class=\"elementor-element elementor-element-e7274fb elementor-widget elementor-widget-text-editor is-mac\" data-id=\"e7274fb\" data-element_type=\"widget\" id=\"text_1\" data-widget_type=\"text-editor.default\">\n<div class=\"elementor-widget-container\">\n<p><span data-contrast=\"auto\">Wenn wir davon ausgehen, dass eine Portion Eiwei\u00df 200 g betr\u00e4gt:<\/span><span data-ccp-props=\"{}\"> <\/span><\/p>\n<p><span data-contrast=\"auto\">Die Kosten pro Portion von  <\/span><span data-contrast=\"auto\">gekocht  <\/span><span data-contrast=\"auto\">Linsen ist 0<\/span><span data-contrast=\"auto\">.<\/span><span data-contrast=\"auto\">3<\/span><span data-contrast=\"auto\">0\u20ac<\/span><span data-contrast=\"auto\">  gegen.  <\/span><span data-contrast=\"auto\">2<\/span><span data-contrast=\"auto\">.1<\/span><span data-contrast=\"auto\">\u20ac<\/span><span data-contrast=\"auto\">  f\u00fcr Rindfleisch<\/span><span data-contrast=\"auto\">  Steak<\/span><span data-contrast=\"auto\">,  <\/span><span data-contrast=\"auto\">0.8<\/span><span data-contrast=\"auto\">\u20ac<\/span><span data-contrast=\"auto\">  f\u00fcr Schweinefleisch<\/span><span data-contrast=\"auto\">  Lende<\/span><span data-contrast=\"auto\">,  <\/span><span data-contrast=\"auto\">1\u20ac<\/span><span data-contrast=\"auto\">  f\u00fcr Huhn<\/span><span data-contrast=\"auto\">  Beine<\/span><span data-contrast=\"auto\">.<\/span><\/p>\n<\/div>\n<\/div>\n<p>[\/et_pb_text][et_pb_button button_url=&#8220;https:\/\/usapulseseu.org\/wp-content\/uploads\/2025\/04\/Affordability_and_food_security.pdf&#8220; url_new_window=&#8220;on&#8220; button_text=&#8220;Erschwinglichkeit und Ern\u00e4hrungssicherheit&#8220; _builder_version=&#8220;4.27.4&#8243; _module_preset=&#8220;default&#8220; custom_button=&#8220;on&#8220; button_bg_color=&#8220;gcid-a2cce56f-8b6d-49c7-96ea-cdeacb74cc31&#8243; button_use_icon=&#8220;off&#8220; locked=&#8220;off&#8220; global_colors_info=&#8220;{%22gcid-a2cce56f-8b6d-49c7-96ea-cdeacb74cc31%22:%91%22button_bg_color%22%93}&#8220;][\/et_pb_button][et_pb_button button_url=&#8220;https:\/\/usapulseseu.org\/wp-content\/uploads\/2025\/04\/Eat-well-saving-more.pdf&#8220; button_text=&#8220;Gut essen und mehr sparen&#8220; _builder_version=&#8220;4.27.4&#8243; _module_preset=&#8220;default&#8220; custom_button=&#8220;on&#8220; button_bg_color=&#8220;gcid-a2cce56f-8b6d-49c7-96ea-cdeacb74cc31&#8243; button_use_icon=&#8220;off&#8220; locked=&#8220;off&#8220; global_colors_info=&#8220;{%22gcid-a2cce56f-8b6d-49c7-96ea-cdeacb74cc31%22:%91%22button_bg_color%22%93}&#8220;][\/et_pb_button][\/et_pb_column][et_pb_column type=&#8220;1_2&#8243; _builder_version=&#8220;4.27.4&#8243; _module_preset=&#8220;default&#8220; global_colors_info=&#8220;{}&#8220;][et_pb_image src=&#8220;https:\/\/usapulseseu.org\/wp-content\/uploads\/2025\/04\/shopping-eat-more-for-less-web.jpg&#8220; title_text=&#8220;shopping-essen-mehr-f\u00fcr-weniger-web&#8220; _builder_version=&#8220;4.27.4&#8243; _module_preset=&#8220;default&#8220; border_radii=&#8220;on|34px|34px|34px|34px&#8220; global_colors_info=&#8220;{}&#8220;][\/et_pb_image][\/et_pb_column][\/et_pb_row][\/et_pb_section][et_pb_section fb_built=&#8220;1&#8243; _builder_version=&#8220;4.27.4&#8243; _module_preset=&#8220;default&#8220; global_colors_info=&#8220;{}&#8220;][et_pb_row column_structure=&#8220;1_2,1_2&#8243; _builder_version=&#8220;4.27.4&#8243; _module_preset=&#8220;default&#8220; global_colors_info=&#8220;{}&#8220;][et_pb_column type=&#8220;1_2&#8243; _builder_version=&#8220;4.27.4&#8243; _module_preset=&#8220;default&#8220; global_colors_info=&#8220;{}&#8220;][et_pb_image src=&#8220;https:\/\/usapulseseu.org\/wp-content\/uploads\/2025\/04\/Feeding-the-world.jpg&#8220; title_text=&#8220;Feeding-the-world&#8220; _builder_version=&#8220;4.27.4&#8243; _module_preset=&#8220;default&#8220; border_radii=&#8220;on|25px|25px|25px|25px&#8220; global_colors_info=&#8220;{}&#8220;][\/et_pb_image][\/et_pb_column][et_pb_column type=&#8220;1_2&#8243; _builder_version=&#8220;4.27.4&#8243; _module_preset=&#8220;default&#8220; global_colors_info=&#8220;{}&#8220;][et_pb_heading title=&#8220;Die Welt ern\u00e4hren&#8220; _builder_version=&#8220;4.27.4&#8243; _module_preset=&#8220;default&#8220; global_colors_info=&#8220;{}&#8220;][\/et_pb_heading][et_pb_text _builder_version=&#8220;4.27.4&#8243; _module_preset=&#8220;default&#8220; width=&#8220;346px&#8220; custom_padding=&#8220;|57px|||false|false&#8220; global_colors_info=&#8220;{}&#8220;]<\/p>\n<div class=\"elementor-element elementor-element-5c41f6b elementor-widget elementor-widget-text-editor is-mac\" data-id=\"5c41f6b\" data-element_type=\"widget\" data-widget_type=\"text-editor.default\">\n<div class=\"elementor-widget-container\">\n<p><span class=\"TextRun SCXW27522772 BCX0\" lang=\"EN-US\" xml:lang=\"EN-US\" data-contrast=\"none\"><span class=\"NormalTextRun SCXW27522772 BCX0\" data-ccp-parastyle=\"Normal (Web)\">Da die wachsende Weltbev\u00f6lkerung bis 2050 eine Steigerung der landwirtschaftlichen Produktion um 70 % erfordert, sind H\u00fclsenfr\u00fcchte aufgrund ihrer geringen Kohlenstoffbilanz sowie ihrer Wasser- und Bodeneffizienz das ideale nachhaltige Nahrungsmittel der Zukunft.<\/span><\/span><\/p>\n<p><span class=\"TextRun SCXW27522772 BCX0\" lang=\"EN-US\" xml:lang=\"EN-US\" data-contrast=\"none\"><span class=\"NormalTextRun SCXW27522772 BCX0\" data-ccp-parastyle=\"Normal (Web)\"><\/span><\/span><\/p>\n<\/div>\n<\/div>\n<div class=\"elementor-element elementor-element-0392d76 elementor-widget elementor-widget-text-editor is-mac\" data-id=\"0392d76\" data-element_type=\"widget\" id=\"text_2\" data-widget_type=\"text-editor.default\">\n<div class=\"elementor-widget-container\">\n<p>Indem sie die Vielfalt der Anbauprodukte erh\u00f6hen, verringern H\u00fclsenfr\u00fcchte die Risiken, denen Landwirte durch Umwelt- und Marktrisiken ausgesetzt sind.<\/p>\n<\/div>\n<\/div>\n<p>[\/et_pb_text][et_pb_button button_url=&#8220;https:\/\/usapulseseu.org\/wp-content\/uploads\/2025\/04\/Factsheet_pulses_and_food_security.pdf&#8220; url_new_window=&#8220;on&#8220; button_text=&#8220;Factsheet &#8211; H\u00fclsenfr\u00fcchte und Ern\u00e4hrungssicherheit&#8220; _builder_version=&#8220;4.27.4&#8243; _module_preset=&#8220;default&#8220; custom_button=&#8220;on&#8220; button_bg_color=&#8220;gcid-a2cce56f-8b6d-49c7-96ea-cdeacb74cc31&#8243; button_use_icon=&#8220;off&#8220; locked=&#8220;off&#8220; global_colors_info=&#8220;{%22gcid-a2cce56f-8b6d-49c7-96ea-cdeacb74cc31%22:%91%22button_bg_color%22%93}&#8220;][\/et_pb_button][et_pb_button button_url=&#8220;https:\/\/usapulseseu.org\/wp-content\/uploads\/2025\/04\/Pulses-contribute-to-food-security.pdf&#8220; url_new_window=&#8220;on&#8220; button_text=&#8220;H\u00fclsenfr\u00fcchte tragen zur Ern\u00e4hrungssicherheit bei&#8220; _builder_version=&#8220;4.27.4&#8243; _module_preset=&#8220;default&#8220; custom_button=&#8220;on&#8220; button_bg_color=&#8220;gcid-a2cce56f-8b6d-49c7-96ea-cdeacb74cc31&#8243; button_use_icon=&#8220;off&#8220; locked=&#8220;off&#8220; global_colors_info=&#8220;{%22gcid-a2cce56f-8b6d-49c7-96ea-cdeacb74cc31%22:%91%22button_bg_color%22%93}&#8220;][\/et_pb_button][\/et_pb_column][\/et_pb_row][\/et_pb_section][et_pb_section fb_built=&#8220;1&#8243; _builder_version=&#8220;4.27.4&#8243; _module_preset=&#8220;default&#8220; global_colors_info=&#8220;{}&#8220;][et_pb_row column_structure=&#8220;1_2,1_2&#8243; _builder_version=&#8220;4.27.4&#8243; _module_preset=&#8220;default&#8220; global_colors_info=&#8220;{}&#8220;][et_pb_column type=&#8220;1_2&#8243; _builder_version=&#8220;4.27.4&#8243; _module_preset=&#8220;default&#8220; custom_padding=&#8220;|40px|||false|false&#8220; global_colors_info=&#8220;{}&#8220;][et_pb_heading title=&#8220;Sozialwirtschaft&#8220; _builder_version=&#8220;4.27.4&#8243; _module_preset=&#8220;default&#8220; title_font=&#8220;EB Garamond|500|||||||&#8220; global_colors_info=&#8220;{}&#8220;][\/et_pb_heading][et_pb_text _builder_version=&#8220;4.27.4&#8243; _module_preset=&#8220;default&#8220; global_colors_info=&#8220;{}&#8220;]<\/p>\n<h3 class=\"elementor-icon-box-title\"><span>H\u00fclsenfr\u00fcchte sind die perfekte Zutat f\u00fcr soziale Men\u00fcs<\/span><\/h3>\n<p>[\/et_pb_text][et_pb_text _builder_version=&#8220;4.27.4&#8243; _module_preset=&#8220;default&#8220; global_colors_info=&#8220;{}&#8220;]<\/p>\n<p><span>Sie sind \u00e4u\u00dferst erschwingliche und vielseitige Produkte, die reich an Proteinen und N\u00e4hrstoffen sind, um unseren t\u00e4glichen N\u00e4hrstoffbedarf zu decken.<\/span><\/p>\n<p><span data-contrast=\"auto\">Legumechef Kollabo<\/span><span data-contrast=\"auto\">r<\/span><span data-contrast=\"auto\">mit verschiedenen Einrichtungen zusammen, um Rezepte f\u00fcr Gro\u00dfk\u00fcchen zu entwickeln.<\/span><\/p>\n<p>[\/et_pb_text][\/et_pb_column][et_pb_column type=&#8220;1_2&#8243; _builder_version=&#8220;4.27.4&#8243; _module_preset=&#8220;default&#8220; global_colors_info=&#8220;{}&#8220;][et_pb_image src=&#8220;https:\/\/usapulseseu.org\/wp-content\/uploads\/2025\/04\/Social-economy.jpg&#8220; title_text=&#8220;Sozial\u00f6konomie&#8220; _builder_version=&#8220;4.27.4&#8243; _module_preset=&#8220;default&#8220; border_radii=&#8220;on|34px|34px|34px|34px&#8220; global_colors_info=&#8220;{}&#8220;][\/et_pb_image][\/et_pb_column][\/et_pb_row][\/et_pb_section][et_pb_section fb_built=&#8220;1&#8243; _builder_version=&#8220;4.27.4&#8243; _module_preset=&#8220;default&#8220; global_colors_info=&#8220;{}&#8220;][et_pb_row column_structure=&#8220;1_2,1_2&#8243; _builder_version=&#8220;4.27.4&#8243; _module_preset=&#8220;default&#8220; global_colors_info=&#8220;{}&#8220;][et_pb_column type=&#8220;1_2&#8243; _builder_version=&#8220;4.27.4&#8243; _module_preset=&#8220;default&#8220; global_colors_info=&#8220;{}&#8220;][et_pb_image src=&#8220;https:\/\/usapulseseu.org\/wp-content\/uploads\/2025\/04\/with-you-web.jpg&#8220; title_text=&#8220;with-you-web&#8220; _builder_version=&#8220;4.27.4&#8243; _module_preset=&#8220;default&#8220; global_colors_info=&#8220;{}&#8220;][\/et_pb_image][\/et_pb_column][et_pb_column type=&#8220;1_2&#8243; _builder_version=&#8220;4.27.4&#8243; _module_preset=&#8220;default&#8220; global_colors_info=&#8220;{}&#8220;][et_pb_heading title=&#8220;USA H\u00fclsenfr\u00fcchte EU und Sie&#8220; _builder_version=&#8220;4.27.4&#8243; _module_preset=&#8220;default&#8220; global_colors_info=&#8220;{}&#8220;][\/et_pb_heading][et_pb_text _builder_version=&#8220;4.27.4&#8243; _module_preset=&#8220;default&#8220; width=&#8220;346px&#8220; custom_padding=&#8220;|1px|||false|false&#8220; global_colors_info=&#8220;{}&#8220;]<\/p>\n<h3 class=\"elementor-icon-box-title\"><span>Der Hashtag #usapulseseu wurde europaweit eingef\u00fchrt, um die sozialen Anliegen der Organisation zu f\u00f6rdern.<\/span><\/h3>\n<p>[\/et_pb_text][et_pb_text _builder_version=&#8220;4.27.4&#8243; _module_preset=&#8220;default&#8220; width=&#8220;346px&#8220; custom_padding=&#8220;|0px|||false|false&#8220; global_colors_info=&#8220;{}&#8220;]<\/p>\n<p><span>In Zeiten der Not ist es wichtig, ein Bewusstsein daf\u00fcr zu schaffen, wie wichtig es ist, soziale Anliegen zu unterst\u00fctzen.<\/span><\/p>\n<p><span class=\"TextRun Highlight SCXW73516316 BCX4\" lang=\"EN-US\" xml:lang=\"EN-US\" data-contrast=\"auto\"><span class=\"NormalTextRun SCXW73516316 BCX4\"><span>USA Pulses EU <\/span>arbeitet mit<\/span><\/span><span class=\"TextRun Highlight SCXW73516316 BCX4\" lang=\"EN-US\" xml:lang=\"EN-US\" data-contrast=\"auto\"><span class=\"NormalTextRun SCXW73516316 BCX4\">ting<\/span><\/span><span class=\"TextRun Highlight SCXW73516316 BCX4\" lang=\"EN-US\" xml:lang=\"EN-US\" data-contrast=\"auto\"><span class=\"NormalTextRun SCXW73516316 BCX4\"><span> <\/span>mit verschiedenen Stiftungen durch die Spende von H\u00fclsenfr\u00fcchten zur Unterst\u00fctzung von<span> <\/span><\/span><\/span><span class=\"TextRun Highlight SCXW73516316 BCX4\" lang=\"EN-US\" xml:lang=\"EN-US\" data-contrast=\"auto\"><span class=\"NormalTextRun SCXW73516316 BCX4\">Mahlzeiten<\/span><\/span><span class=\"TextRun Highlight SCXW73516316 BCX4\" lang=\"EN-US\" xml:lang=\"EN-US\" data-contrast=\"auto\"><span class=\"NormalTextRun SCXW73516316 BCX4\"><span> <\/span>f\u00fcr die Sozialk\u00fcche<\/span><\/span><span class=\"TextRun Highlight SCXW73516316 BCX4\" lang=\"EN-US\" xml:lang=\"EN-US\" data-contrast=\"auto\"><span class=\"NormalTextRun SCXW73516316 BCX4\"><span> <\/span>F\u00fctterung<span> <\/span><\/span><\/span><span class=\"TextRun Highlight SCXW73516316 BCX4\" lang=\"EN-US\" xml:lang=\"EN-US\" data-contrast=\"auto\"><span class=\"NormalTextRun SCXW73516316 BCX4\">Familien in Not und Obdachlose.<\/span><\/span><\/p>\n<p>[\/et_pb_text][\/et_pb_column][\/et_pb_row][\/et_pb_section]<\/p>\n","protected":false},"excerpt":{"rendered":"<p>Dank ihres robusten N\u00e4hrstoffprofils, ihres angenehmen Geschmacks, ihrer vergleichsweise geringen Kosten und ihrer Vielseitigkeit beim Kochen sind H\u00fclsenfr\u00fcchte seit Jahrtausenden ein wichtiger Bestandteil der menschlichen Ern\u00e4hrung. In der heutigen Welt mit einer st\u00e4ndig wachsenden Bev\u00f6lkerung ist es wichtig, die sozialen Auswirkungen zu erkennen, die H\u00fclsenfr\u00fcchte auf die Gesellschaft haben und in den n\u00e4chsten Jahrzehnten haben [&hellip;]<\/p>\n","protected":false},"author":3,"featured_media":0,"parent":32666,"menu_order":0,"comment_status":"closed","ping_status":"closed","template":"","meta":{"_acf_changed":false,"_et_pb_use_builder":"on","_et_pb_old_content":"","_et_gb_content_width":"","footnotes":""},"dipi_cpt_category":[],"class_list":["post-32712","page","type-page","status-publish","hentry"],"acf":[],"yoast_head":"<!-- This site is optimized with the Yoast SEO plugin v26.9 - https:\/\/yoast.com\/product\/yoast-seo-wordpress\/ -->\n<title>Soziale Auswirkungen - USA Pulses EU<\/title>\n<meta name=\"robots\" content=\"index, follow, max-snippet:-1, max-image-preview:large, max-video-preview:-1\" \/>\n<link rel=\"canonical\" href=\"https:\/\/usapulseseu.org\/de\/vorteile\/soziale-auswirkungen\/\" \/>\n<meta property=\"og:locale\" content=\"de_DE\" \/>\n<meta property=\"og:type\" content=\"article\" \/>\n<meta property=\"og:title\" content=\"Soziale Auswirkungen - USA Pulses EU\" \/>\n<meta property=\"og:description\" content=\"Kennen Sie Ihre PulsePINTO BANNEVorbereitung und Kommentare Entschorene Linsen sind schnell gekocht und eignen sich perfekt f\u00fcr Suppen, Eint\u00f6pfe und Dals. Sie enthalten weniger Ballaststoffe und Tannin als ganze Linsen, was sie leichter verdaulich macht. Besonders geeignet f\u00fcr kleine Kinder und \u00e4ltere Erwachsene. Geschmack Diese Linse verliert bei der Entschalung teilweise ihren pflanzlichen Geschmack (haupts\u00e4chlich [&hellip;]\" \/>\n<meta property=\"og:site_name\" content=\"USA Pulses EU\" \/>\n<meta property=\"article:publisher\" content=\"https:\/\/www.facebook.com\/USAPulsesEurope\" \/>\n<meta property=\"article:modified_time\" content=\"2025-05-22T12:33:45+00:00\" \/>\n<meta name=\"twitter:card\" content=\"summary_large_image\" \/>\n<meta name=\"twitter:label1\" content=\"Est. reading time\" \/>\n\t<meta name=\"twitter:data1\" content=\"7\u00a0Minuten\" \/>\n<script type=\"application\/ld+json\" class=\"yoast-schema-graph\">{\"@context\":\"https:\/\/schema.org\",\"@graph\":[{\"@type\":\"WebPage\",\"@id\":\"https:\/\/usapulseseu.org\/de\/vorteile\/soziale-auswirkungen\/\",\"url\":\"https:\/\/usapulseseu.org\/de\/vorteile\/soziale-auswirkungen\/\",\"name\":\"Soziale Auswirkungen - USA Pulses EU\",\"isPartOf\":{\"@id\":\"https:\/\/usapulseseu.org\/fr\/#website\"},\"datePublished\":\"2025-04-16T23:42:04+00:00\",\"dateModified\":\"2025-05-22T12:33:45+00:00\",\"breadcrumb\":{\"@id\":\"https:\/\/usapulseseu.org\/de\/vorteile\/soziale-auswirkungen\/#breadcrumb\"},\"inLanguage\":\"de\",\"potentialAction\":[{\"@type\":\"ReadAction\",\"target\":[\"https:\/\/usapulseseu.org\/de\/vorteile\/soziale-auswirkungen\/\"]}]},{\"@type\":\"BreadcrumbList\",\"@id\":\"https:\/\/usapulseseu.org\/de\/vorteile\/soziale-auswirkungen\/#breadcrumb\",\"itemListElement\":[{\"@type\":\"ListItem\",\"position\":1,\"name\":\"Home\",\"item\":\"https:\/\/usapulseseu.org\/\"},{\"@type\":\"ListItem\",\"position\":2,\"name\":\"Vorteile\",\"item\":\"https:\/\/usapulseseu.org\/de\/vorteile\/\"},{\"@type\":\"ListItem\",\"position\":3,\"name\":\"Soziale Auswirkungen\"}]},{\"@type\":\"WebSite\",\"@id\":\"https:\/\/usapulseseu.org\/fr\/#website\",\"url\":\"https:\/\/usapulseseu.org\/fr\/\",\"name\":\"USA Pulses EU\",\"description\":\"USA Pulses EU is the European home of pulses from the USA\",\"publisher\":{\"@id\":\"https:\/\/usapulseseu.org\/fr\/#organization\"},\"potentialAction\":[{\"@type\":\"SearchAction\",\"target\":{\"@type\":\"EntryPoint\",\"urlTemplate\":\"https:\/\/usapulseseu.org\/fr\/?s={search_term_string}\"},\"query-input\":{\"@type\":\"PropertyValueSpecification\",\"valueRequired\":true,\"valueName\":\"search_term_string\"}}],\"inLanguage\":\"de\"},{\"@type\":\"Organization\",\"@id\":\"https:\/\/usapulseseu.org\/fr\/#organization\",\"name\":\"USA Pulses EU\",\"url\":\"https:\/\/usapulseseu.org\/fr\/\",\"logo\":{\"@type\":\"ImageObject\",\"inLanguage\":\"de\",\"@id\":\"https:\/\/usapulseseu.org\/fr\/#\/schema\/logo\/image\/\",\"url\":\"https:\/\/usapulseseu.org\/wp-content\/uploads\/2025\/06\/USA-Pulses-Favicon.png\",\"contentUrl\":\"https:\/\/usapulseseu.org\/wp-content\/uploads\/2025\/06\/USA-Pulses-Favicon.png\",\"width\":512,\"height\":512,\"caption\":\"USA Pulses EU\"},\"image\":{\"@id\":\"https:\/\/usapulseseu.org\/fr\/#\/schema\/logo\/image\/\"},\"sameAs\":[\"https:\/\/www.facebook.com\/USAPulsesEurope\",\"https:\/\/www.instagram.com\/usapulseseurope\/\",\"https:\/\/www.tiktok.com\/@usapulseseurope\"]}]}<\/script>\n<!-- \/ Yoast SEO plugin. -->","yoast_head_json":{"title":"Soziale Auswirkungen - USA Pulses EU","robots":{"index":"index","follow":"follow","max-snippet":"max-snippet:-1","max-image-preview":"max-image-preview:large","max-video-preview":"max-video-preview:-1"},"canonical":"https:\/\/usapulseseu.org\/de\/vorteile\/soziale-auswirkungen\/","og_locale":"de_DE","og_type":"article","og_title":"Soziale Auswirkungen - USA Pulses EU","og_description":"Kennen Sie Ihre PulsePINTO BANNEVorbereitung und Kommentare Entschorene Linsen sind schnell gekocht und eignen sich perfekt f\u00fcr Suppen, Eint\u00f6pfe und Dals. Sie enthalten weniger Ballaststoffe und Tannin als ganze Linsen, was sie leichter verdaulich macht. Besonders geeignet f\u00fcr kleine Kinder und \u00e4ltere Erwachsene. Geschmack Diese Linse verliert bei der Entschalung teilweise ihren pflanzlichen Geschmack (haupts\u00e4chlich [&hellip;]","og_site_name":"USA Pulses EU","article_publisher":"https:\/\/www.facebook.com\/USAPulsesEurope","article_modified_time":"2025-05-22T12:33:45+00:00","twitter_card":"summary_large_image","twitter_misc":{"Est. reading time":"7\u00a0Minuten"},"schema":{"@context":"https:\/\/schema.org","@graph":[{"@type":"WebPage","@id":"https:\/\/usapulseseu.org\/de\/vorteile\/soziale-auswirkungen\/","url":"https:\/\/usapulseseu.org\/de\/vorteile\/soziale-auswirkungen\/","name":"Soziale Auswirkungen - USA Pulses EU","isPartOf":{"@id":"https:\/\/usapulseseu.org\/fr\/#website"},"datePublished":"2025-04-16T23:42:04+00:00","dateModified":"2025-05-22T12:33:45+00:00","breadcrumb":{"@id":"https:\/\/usapulseseu.org\/de\/vorteile\/soziale-auswirkungen\/#breadcrumb"},"inLanguage":"de","potentialAction":[{"@type":"ReadAction","target":["https:\/\/usapulseseu.org\/de\/vorteile\/soziale-auswirkungen\/"]}]},{"@type":"BreadcrumbList","@id":"https:\/\/usapulseseu.org\/de\/vorteile\/soziale-auswirkungen\/#breadcrumb","itemListElement":[{"@type":"ListItem","position":1,"name":"Home","item":"https:\/\/usapulseseu.org\/"},{"@type":"ListItem","position":2,"name":"Vorteile","item":"https:\/\/usapulseseu.org\/de\/vorteile\/"},{"@type":"ListItem","position":3,"name":"Soziale Auswirkungen"}]},{"@type":"WebSite","@id":"https:\/\/usapulseseu.org\/fr\/#website","url":"https:\/\/usapulseseu.org\/fr\/","name":"USA Pulses EU","description":"USA Pulses EU is the European home of pulses from the USA","publisher":{"@id":"https:\/\/usapulseseu.org\/fr\/#organization"},"potentialAction":[{"@type":"SearchAction","target":{"@type":"EntryPoint","urlTemplate":"https:\/\/usapulseseu.org\/fr\/?s={search_term_string}"},"query-input":{"@type":"PropertyValueSpecification","valueRequired":true,"valueName":"search_term_string"}}],"inLanguage":"de"},{"@type":"Organization","@id":"https:\/\/usapulseseu.org\/fr\/#organization","name":"USA Pulses EU","url":"https:\/\/usapulseseu.org\/fr\/","logo":{"@type":"ImageObject","inLanguage":"de","@id":"https:\/\/usapulseseu.org\/fr\/#\/schema\/logo\/image\/","url":"https:\/\/usapulseseu.org\/wp-content\/uploads\/2025\/06\/USA-Pulses-Favicon.png","contentUrl":"https:\/\/usapulseseu.org\/wp-content\/uploads\/2025\/06\/USA-Pulses-Favicon.png","width":512,"height":512,"caption":"USA Pulses EU"},"image":{"@id":"https:\/\/usapulseseu.org\/fr\/#\/schema\/logo\/image\/"},"sameAs":["https:\/\/www.facebook.com\/USAPulsesEurope","https:\/\/www.instagram.com\/usapulseseurope\/","https:\/\/www.tiktok.com\/@usapulseseurope"]}]}},"featured_image_src":null,"featured_image_src_square":null,"_links":{"self":[{"href":"https:\/\/usapulseseu.org\/de\/wp-json\/wp\/v2\/pages\/32712","targetHints":{"allow":["GET"]}}],"collection":[{"href":"https:\/\/usapulseseu.org\/de\/wp-json\/wp\/v2\/pages"}],"about":[{"href":"https:\/\/usapulseseu.org\/de\/wp-json\/wp\/v2\/types\/page"}],"author":[{"embeddable":true,"href":"https:\/\/usapulseseu.org\/de\/wp-json\/wp\/v2\/users\/3"}],"replies":[{"embeddable":true,"href":"https:\/\/usapulseseu.org\/de\/wp-json\/wp\/v2\/comments?post=32712"}],"version-history":[{"count":0,"href":"https:\/\/usapulseseu.org\/de\/wp-json\/wp\/v2\/pages\/32712\/revisions"}],"up":[{"embeddable":true,"href":"https:\/\/usapulseseu.org\/de\/wp-json\/wp\/v2\/pages\/32666"}],"wp:attachment":[{"href":"https:\/\/usapulseseu.org\/de\/wp-json\/wp\/v2\/media?parent=32712"}],"wp:term":[{"taxonomy":"dipi_cpt_category","embeddable":true,"href":"https:\/\/usapulseseu.org\/de\/wp-json\/wp\/v2\/dipi_cpt_category?post=32712"}],"curies":[{"name":"wp","href":"https:\/\/api.w.org\/{rel}","templated":true}]}}