{"id":32259,"date":"2024-12-28T06:55:44","date_gmt":"2024-12-28T06:55:44","guid":{"rendered":"https:\/\/usapulseseu.org\/pagina-de-contenido-general\/"},"modified":"2024-12-28T06:55:44","modified_gmt":"2024-12-28T06:55:44","slug":"pagina-de-contenido-general","status":"publish","type":"page","link":"https:\/\/usapulseseu.org\/es\/pagina-de-contenido-general\/","title":{"rendered":"P\u00e1gina de contenido general"},"content":{"rendered":"<p>[et_pb_section fb_built=\u00bb1&#8243; _builder_version=\u00bb4.27.4&#8243; _module_preset=\u00bbdefault\u00bb background_color=\u00bbgcid-a2cce56f-8b6d-49c7-96ea-cdeacb74cc31&#8243; background_enable_image=\u00bboff\u00bb background_size=\u00bbcontain\u00bb background_position=\u00bbcenter_right\u00bb background_horizontal_offset=\u00bb12%\u00bb custom_margin=\u00bb0px||||false|false\u00bb custom_padding=\u00bb26px||3px||false|false\u00bb locked=\u00bboff\u00bb global_colors_info=\u00bb{%22gcid-a2cce56f-8b6d-49c7-96ea-cdeacb74cc31%22:%91%22background_color%22%93}\u00bb][et_pb_row column_structure=\u00bb1_2,1_2&#8243; _builder_version=\u00bb4.27.4&#8243; _module_preset=\u00bbdefault\u00bb global_colors_info=\u00bb{}\u00bb][et_pb_column type=\u00bb1_2&#8243; _builder_version=\u00bb4.27.4&#8243; _module_preset=\u00bbdefault\u00bb global_colors_info=\u00bb{}\u00bb][et_pb_text _builder_version=\u00bb4.27.4&#8243; _module_preset=\u00bbdefault\u00bb text_font=\u00bb||||on||||\u00bb global_colors_info=\u00bb{}\u00bb]<\/p>\n<p>Volver a Recetas<\/p>\n<p>[\/et_pb_text][et_pb_heading title=\u00bbP\u00e1gina de contenido general\u00bb _builder_version=\u00bb4.27.4&#8243; _module_preset=\u00bbdefault\u00bb title_font_size=\u00bb80px\u00bb custom_padding=\u00bb||||false|false\u00bb global_colors_info=\u00bb{}\u00bb][\/et_pb_heading][\/et_pb_column][et_pb_column type=\u00bb1_2&#8243; _builder_version=\u00bb4.27.4&#8243; _module_preset=\u00bbdefault\u00bb global_colors_info=\u00bb{}\u00bb][et_pb_image src=\u00bbhttps:\/\/usapulseseu.org\/wp-content\/uploads\/2024\/12\/graphic-1.png\u00bb title_text=\u00bbgraphic-1&#8243; _builder_version=\u00bb4.27.4&#8243; _module_preset=\u00bbdefault\u00bb global_colors_info=\u00bb{}\u00bb][\/et_pb_image][\/et_pb_column][\/et_pb_row][\/et_pb_section][et_pb_section fb_built=\u00bb1&#8243; _builder_version=\u00bb4.27.4&#8243; _module_preset=\u00bbdefault\u00bb background_image=\u00bbhttps:\/\/usapulseseu.org\/wp-content\/uploads\/2024\/12\/edge-pattern-4-1.png\u00bb background_size=\u00bbcontain\u00bb background_position=\u00bbtop_center\u00bb locked=\u00bboff\u00bb global_colors_info=\u00bb{}\u00bb][et_pb_row _builder_version=\u00bb4.27.4&#8243; _module_preset=\u00bbdefault\u00bb hover_enabled=\u00bb0&#8243; global_colors_info=\u00bb{}\u00bb sticky_enabled=\u00bb0&#8243;][et_pb_column type=\u00bb4_4&#8243; _builder_version=\u00bb4.27.4&#8243; _module_preset=\u00bbdefault\u00bb global_colors_info=\u00bb{}\u00bb][et_pb_text _builder_version=\u00bb4.27.4&#8243; _module_preset=\u00bbdefault\u00bb custom_padding=\u00bb|10vw||10vw|false|true\u00bb global_colors_info=\u00bb{}\u00bb]<\/p>\n<p style=\"text-align: left;\">Lorem ipsum dolor sit amet, consetetur sadipscing elitr, sed diam nonumy eirmod tempor invidunt ut labore et dolore magna aliquyam erat, sed diam voluptua. At vero eos et accusam et justo duo dolores et ea rebum. Stet clita kasd gubergren, no sea takimata sanctus est Lorem ipsum dolor sit amet.  <\/p>\n<p style=\"text-align: left;\">Lorem ipsum dolor sit amet, consetetur sadipscing elitr, sed diam nonumy eirmod tempor invidunt ut labore et dolore magna aliquyam erat, sed diam voluptua. At vero eos et accusam et justo duo dolores et ea rebum. Stet clita kasd gubergren, no sea takimata sanctus est Lorem ipsum dolor sit Lorem ipsum dolor sit amet, consetetur sadipscing elitr, sed diam nonumy eirmod tempor invidunt ut labore et dolore magna aliquyam erat, sed diam voluptua. At vero eos et accusam et justo duo dolores et ea rebum   <\/p>\n<p>[\/et_pb_text][\/et_pb_column][\/et_pb_row][et_pb_row _builder_version=\u00bb4.27.4&#8243; _module_preset=\u00bbdefault\u00bb global_colors_info=\u00bb{}\u00bb][et_pb_column type=\u00bb4_4&#8243; _builder_version=\u00bb4.27.4&#8243; _module_preset=\u00bbdefault\u00bb global_colors_info=\u00bb{}\u00bb][et_pb_image src=\u00bbhttps:\/\/usapulseseu.org\/wp-content\/uploads\/2024\/11\/chinese-restaurant-08.jpg\u00bb title_text=\u00bbchinese-restaurant-08&#8243; align=\u00bbcenter\u00bb _builder_version=\u00bb4.27.4&#8243; _module_preset=\u00bbdefault\u00bb max_width=\u00bb65%\u00bb border_radii=\u00bbon|34px|34px|34px|34px\u00bb global_colors_info=\u00bb{}\u00bb][\/et_pb_image][et_pb_text _builder_version=\u00bb4.27.4&#8243; _module_preset=\u00bbdefault\u00bb custom_padding=\u00bb|10vw||10vw|false|true\u00bb hover_enabled=\u00bb0&#8243; global_colors_info=\u00bb{}\u00bb sticky_enabled=\u00bb0&#8243;]<\/p>\n<p style=\"text-align: left;\">Lorem ipsum dolor sit amet, consetetur sadipscing elitr, sed diam nonumy eirmod tempor invidunt ut labore et dolore magna aliquyam erat, sed diam voluptua. At vero eos et accusam et justo duo dolores et ea rebum. Stet clita kasd gubergren, no sea takimata sanctus est Lorem ipsum dolor sit amet.  <\/p>\n<p style=\"text-align: left;\">Lorem ipsum dolor sit amet, consetetur sadipscing elitr, sed diam nonumy eirmod tempor invidunt ut labore et dolore magna aliquyam erat, sed diam voluptua. At vero eos et accusam et justo duo dolores et ea rebum. Stet clita kasd gubergren, no sea takimata sanctus est Lorem ipsum dolor sit Lorem ipsum dolor sit amet, consetetur sadipscing elitr, sed diam nonumy eirmod tempor invidunt ut labore et dolore magna aliquyam erat, sed diam voluptua. At vero eos et accusam et justo duo dolores et ea rebum   <\/p>\n<p>[\/et_pb_text][\/et_pb_column][\/et_pb_row][et_pb_row column_structure=\u00bb1_4,1_4,1_4,1_4&#8243; _builder_version=\u00bb4.27.4&#8243; _module_preset=\u00bbdefault\u00bb hover_enabled=\u00bb0&#8243; global_colors_info=\u00bb{}\u00bb sticky_enabled=\u00bb0&#8243; custom_padding=\u00bb|10vw||10vw|false|true\u00bb][et_pb_column type=\u00bb1_4&#8243; _builder_version=\u00bb4.27.4&#8243; _module_preset=\u00bbdefault\u00bb global_colors_info=\u00bb{}\u00bb][et_pb_button button_text=\u00bbBack\u00bb _builder_version=\u00bb4.27.4&#8243; _module_preset=\u00bbdefault\u00bb custom_button=\u00bbon\u00bb button_bg_color=\u00bbgcid-d1f0fdc7-69eb-4f45-b37f-eefea8a08427&#8243; custom_margin=\u00bb||||false|false\u00bb global_colors_info=\u00bb{%22gcid-d1f0fdc7-69eb-4f45-b37f-eefea8a08427%22:%91%22button_bg_color%22%93}\u00bb][\/et_pb_button][\/et_pb_column][et_pb_column _builder_version=\u00bb4.27.4&#8243; _module_preset=\u00bbdefault\u00bb type=\u00bb1_4&#8243; hover_enabled=\u00bb0&#8243; sticky_enabled=\u00bb0&#8243;][\/et_pb_column][et_pb_column _builder_version=\u00bb4.27.4&#8243; _module_preset=\u00bbdefault\u00bb type=\u00bb1_4&#8243; hover_enabled=\u00bb0&#8243; sticky_enabled=\u00bb0&#8243;][\/et_pb_column][et_pb_column _builder_version=\u00bb4.27.4&#8243; _module_preset=\u00bbdefault\u00bb type=\u00bb1_4&#8243;][dipi_table_maker column_count=\u00bb5&#8243; column_header_count=\u00bb0&#8243; set_width_by=\u00bbcell\u00bb cell_max_width=\u00bb50px\u00bb cell_padding=\u00bb0px|12px|0px|0px|false|false\u00bb _builder_version=\u00bb4.27.4&#8243; _module_preset=\u00bbdefault\u00bb hover_enabled=\u00bb0&#8243; border_style_all_table=\u00bbnone\u00bb global_colors_info=\u00bb{}\u00bb sticky_enabled=\u00bb0&#8243;][dipi_table_maker_child use_content_icon=\u00bbon\u00bb content_icon=\u00bb\ue093||divi||400&#8243; col_span_num=\u00bb0&#8243; content_icon_color=\u00bb#000000&#8243; content_image_icon_width=\u00bb16px\u00bb _builder_version=\u00bb4.27.4&#8243; _module_preset=\u00bbdefault\u00bb hover_enabled=\u00bb0&#8243; global_colors_info=\u00bb{}\u00bb sticky_enabled=\u00bb0&#8243;][\/dipi_table_maker_child][dipi_table_maker_child use_content_icon=\u00bbon\u00bb content_icon=\u00bb\ue094||divi||400&#8243; content_icon_color=\u00bb#000000&#8243; content_image_icon_width=\u00bb16px\u00bb _builder_version=\u00bb4.27.4&#8243; _module_preset=\u00bbdefault\u00bb hover_enabled=\u00bb0&#8243; global_colors_info=\u00bb{}\u00bb sticky_enabled=\u00bb0&#8243;][\/dipi_table_maker_child][dipi_table_maker_child use_content_icon=\u00bbon\u00bb content_icon=\u00bb\ue076||divi||400&#8243; content_icon_color=\u00bb#000000&#8243; content_image_icon_width=\u00bb16px\u00bb _builder_version=\u00bb4.27.4&#8243; _module_preset=\u00bbdefault\u00bb hover_enabled=\u00bb0&#8243; global_colors_info=\u00bb{}\u00bb sticky_enabled=\u00bb0&#8243;][\/dipi_table_maker_child][dipi_table_maker_child use_content_icon=\u00bbon\u00bb content_icon=\u00bb\ue0fa||divi||400&#8243; content_icon_color=\u00bb#000000&#8243; content_image_icon_width=\u00bb16px\u00bb _builder_version=\u00bb4.27.4&#8243; _module_preset=\u00bbdefault\u00bb hover_enabled=\u00bb0&#8243; global_colors_info=\u00bb{}\u00bb sticky_enabled=\u00bb0&#8243;][\/dipi_table_maker_child][\/dipi_table_maker][\/et_pb_column][\/et_pb_row][\/et_pb_section]<\/p>\n","protected":false},"excerpt":{"rendered":"<p>Volver a RecetasLorem ipsum dolor sit amet, consetetur sadipscing elitr, sed diam nonumy eirmod tempor invidunt ut labore et dolore magna aliquyam erat, sed diam voluptua. At vero eos et accusam et justo duo dolores et ea rebum. Stet clita kasd gubergren, no sea takimata sanctus est Lorem ipsum dolor sit amet. Lorem ipsum dolor [&hellip;]<\/p>\n","protected":false},"author":2,"featured_media":0,"parent":0,"menu_order":0,"comment_status":"closed","ping_status":"closed","template":"","meta":{"_acf_changed":false,"_et_pb_use_builder":"on","_et_pb_old_content":"","_et_gb_content_width":"","footnotes":""},"dipi_cpt_category":[],"class_list":["post-32259","page","type-page","status-publish","hentry"],"acf":[],"yoast_head":"<!-- This site is optimized with the Yoast SEO plugin v26.9 - https:\/\/yoast.com\/product\/yoast-seo-wordpress\/ -->\n<title>P\u00e1gina de contenido general - USA Pulses EU<\/title>\n<meta name=\"robots\" content=\"index, follow, max-snippet:-1, max-image-preview:large, max-video-preview:-1\" \/>\n<link rel=\"canonical\" href=\"https:\/\/usapulseseu.org\/es\/pagina-de-contenido-general\/\" \/>\n<meta property=\"og:locale\" content=\"es_ES\" \/>\n<meta property=\"og:type\" content=\"article\" \/>\n<meta property=\"og:title\" content=\"P\u00e1gina de contenido general - USA Pulses EU\" \/>\n<meta property=\"og:description\" content=\"Conoce tus pulsacionesFRIJOL PINTOPreparaci\u00f3n y comentarios Las lentejas decorticadas se cuecen r\u00e1pidamente y son perfectas para sopas, guisos y dals. Tienen menos fibra y tanino que las lentejas enteras, lo que las hace m\u00e1s f\u00e1ciles de digerir. Especialmente indicadas para ni\u00f1os peque\u00f1os y adultos mayores. Sabor Esta lenteja pierde parcialmente su sabor vegetal (principalmente tanino) [&hellip;]\" \/>\n<meta property=\"og:site_name\" content=\"USA Pulses EU\" \/>\n<meta property=\"article:publisher\" content=\"https:\/\/www.facebook.com\/USAPulsesEurope\" \/>\n<meta name=\"twitter:card\" content=\"summary_large_image\" \/>\n<meta name=\"twitter:label1\" content=\"Est. reading time\" \/>\n\t<meta name=\"twitter:data1\" content=\"5 minutos\" \/>\n<script type=\"application\/ld+json\" class=\"yoast-schema-graph\">{\"@context\":\"https:\/\/schema.org\",\"@graph\":[{\"@type\":\"WebPage\",\"@id\":\"https:\/\/usapulseseu.org\/es\/pagina-de-contenido-general\/\",\"url\":\"https:\/\/usapulseseu.org\/es\/pagina-de-contenido-general\/\",\"name\":\"P\u00e1gina de contenido general - USA Pulses EU\",\"isPartOf\":{\"@id\":\"https:\/\/usapulseseu.org\/fr\/#website\"},\"datePublished\":\"2024-12-28T06:55:44+00:00\",\"breadcrumb\":{\"@id\":\"https:\/\/usapulseseu.org\/es\/pagina-de-contenido-general\/#breadcrumb\"},\"inLanguage\":\"es\",\"potentialAction\":[{\"@type\":\"ReadAction\",\"target\":[\"https:\/\/usapulseseu.org\/es\/pagina-de-contenido-general\/\"]}]},{\"@type\":\"BreadcrumbList\",\"@id\":\"https:\/\/usapulseseu.org\/es\/pagina-de-contenido-general\/#breadcrumb\",\"itemListElement\":[{\"@type\":\"ListItem\",\"position\":1,\"name\":\"Home\",\"item\":\"https:\/\/usapulseseu.org\/es\/pagina-de-inicio\/\"},{\"@type\":\"ListItem\",\"position\":2,\"name\":\"P\u00e1gina de contenido general\"}]},{\"@type\":\"WebSite\",\"@id\":\"https:\/\/usapulseseu.org\/fr\/#website\",\"url\":\"https:\/\/usapulseseu.org\/fr\/\",\"name\":\"USA Pulses EU\",\"description\":\"USA Pulses EU is the European home of pulses from the USA\",\"publisher\":{\"@id\":\"https:\/\/usapulseseu.org\/fr\/#organization\"},\"potentialAction\":[{\"@type\":\"SearchAction\",\"target\":{\"@type\":\"EntryPoint\",\"urlTemplate\":\"https:\/\/usapulseseu.org\/fr\/?s={search_term_string}\"},\"query-input\":{\"@type\":\"PropertyValueSpecification\",\"valueRequired\":true,\"valueName\":\"search_term_string\"}}],\"inLanguage\":\"es\"},{\"@type\":\"Organization\",\"@id\":\"https:\/\/usapulseseu.org\/fr\/#organization\",\"name\":\"USA Pulses EU\",\"url\":\"https:\/\/usapulseseu.org\/fr\/\",\"logo\":{\"@type\":\"ImageObject\",\"inLanguage\":\"es\",\"@id\":\"https:\/\/usapulseseu.org\/fr\/#\/schema\/logo\/image\/\",\"url\":\"https:\/\/usapulseseu.org\/wp-content\/uploads\/2025\/06\/USA-Pulses-Favicon.png\",\"contentUrl\":\"https:\/\/usapulseseu.org\/wp-content\/uploads\/2025\/06\/USA-Pulses-Favicon.png\",\"width\":512,\"height\":512,\"caption\":\"USA Pulses EU\"},\"image\":{\"@id\":\"https:\/\/usapulseseu.org\/fr\/#\/schema\/logo\/image\/\"},\"sameAs\":[\"https:\/\/www.facebook.com\/USAPulsesEurope\",\"https:\/\/www.instagram.com\/usapulseseurope\/\",\"https:\/\/www.tiktok.com\/@usapulseseurope\"]}]}<\/script>\n<!-- \/ Yoast SEO plugin. -->","yoast_head_json":{"title":"P\u00e1gina de contenido general - USA Pulses EU","robots":{"index":"index","follow":"follow","max-snippet":"max-snippet:-1","max-image-preview":"max-image-preview:large","max-video-preview":"max-video-preview:-1"},"canonical":"https:\/\/usapulseseu.org\/es\/pagina-de-contenido-general\/","og_locale":"es_ES","og_type":"article","og_title":"P\u00e1gina de contenido general - USA Pulses EU","og_description":"Conoce tus pulsacionesFRIJOL PINTOPreparaci\u00f3n y comentarios Las lentejas decorticadas se cuecen r\u00e1pidamente y son perfectas para sopas, guisos y dals. Tienen menos fibra y tanino que las lentejas enteras, lo que las hace m\u00e1s f\u00e1ciles de digerir. Especialmente indicadas para ni\u00f1os peque\u00f1os y adultos mayores. Sabor Esta lenteja pierde parcialmente su sabor vegetal (principalmente tanino) [&hellip;]","og_site_name":"USA Pulses EU","article_publisher":"https:\/\/www.facebook.com\/USAPulsesEurope","twitter_card":"summary_large_image","twitter_misc":{"Est. reading time":"5 minutos"},"schema":{"@context":"https:\/\/schema.org","@graph":[{"@type":"WebPage","@id":"https:\/\/usapulseseu.org\/es\/pagina-de-contenido-general\/","url":"https:\/\/usapulseseu.org\/es\/pagina-de-contenido-general\/","name":"P\u00e1gina de contenido general - USA Pulses EU","isPartOf":{"@id":"https:\/\/usapulseseu.org\/fr\/#website"},"datePublished":"2024-12-28T06:55:44+00:00","breadcrumb":{"@id":"https:\/\/usapulseseu.org\/es\/pagina-de-contenido-general\/#breadcrumb"},"inLanguage":"es","potentialAction":[{"@type":"ReadAction","target":["https:\/\/usapulseseu.org\/es\/pagina-de-contenido-general\/"]}]},{"@type":"BreadcrumbList","@id":"https:\/\/usapulseseu.org\/es\/pagina-de-contenido-general\/#breadcrumb","itemListElement":[{"@type":"ListItem","position":1,"name":"Home","item":"https:\/\/usapulseseu.org\/es\/pagina-de-inicio\/"},{"@type":"ListItem","position":2,"name":"P\u00e1gina de contenido general"}]},{"@type":"WebSite","@id":"https:\/\/usapulseseu.org\/fr\/#website","url":"https:\/\/usapulseseu.org\/fr\/","name":"USA Pulses EU","description":"USA Pulses EU is the European home of pulses from the USA","publisher":{"@id":"https:\/\/usapulseseu.org\/fr\/#organization"},"potentialAction":[{"@type":"SearchAction","target":{"@type":"EntryPoint","urlTemplate":"https:\/\/usapulseseu.org\/fr\/?s={search_term_string}"},"query-input":{"@type":"PropertyValueSpecification","valueRequired":true,"valueName":"search_term_string"}}],"inLanguage":"es"},{"@type":"Organization","@id":"https:\/\/usapulseseu.org\/fr\/#organization","name":"USA Pulses EU","url":"https:\/\/usapulseseu.org\/fr\/","logo":{"@type":"ImageObject","inLanguage":"es","@id":"https:\/\/usapulseseu.org\/fr\/#\/schema\/logo\/image\/","url":"https:\/\/usapulseseu.org\/wp-content\/uploads\/2025\/06\/USA-Pulses-Favicon.png","contentUrl":"https:\/\/usapulseseu.org\/wp-content\/uploads\/2025\/06\/USA-Pulses-Favicon.png","width":512,"height":512,"caption":"USA Pulses EU"},"image":{"@id":"https:\/\/usapulseseu.org\/fr\/#\/schema\/logo\/image\/"},"sameAs":["https:\/\/www.facebook.com\/USAPulsesEurope","https:\/\/www.instagram.com\/usapulseseurope\/","https:\/\/www.tiktok.com\/@usapulseseurope"]}]}},"featured_image_src":null,"featured_image_src_square":null,"_links":{"self":[{"href":"https:\/\/usapulseseu.org\/es\/wp-json\/wp\/v2\/pages\/32259","targetHints":{"allow":["GET"]}}],"collection":[{"href":"https:\/\/usapulseseu.org\/es\/wp-json\/wp\/v2\/pages"}],"about":[{"href":"https:\/\/usapulseseu.org\/es\/wp-json\/wp\/v2\/types\/page"}],"author":[{"embeddable":true,"href":"https:\/\/usapulseseu.org\/es\/wp-json\/wp\/v2\/users\/2"}],"replies":[{"embeddable":true,"href":"https:\/\/usapulseseu.org\/es\/wp-json\/wp\/v2\/comments?post=32259"}],"version-history":[{"count":0,"href":"https:\/\/usapulseseu.org\/es\/wp-json\/wp\/v2\/pages\/32259\/revisions"}],"wp:attachment":[{"href":"https:\/\/usapulseseu.org\/es\/wp-json\/wp\/v2\/media?parent=32259"}],"wp:term":[{"taxonomy":"dipi_cpt_category","embeddable":true,"href":"https:\/\/usapulseseu.org\/es\/wp-json\/wp\/v2\/dipi_cpt_category?post=32259"}],"curies":[{"name":"wp","href":"https:\/\/api.w.org\/{rel}","templated":true}]}}