{"id":32713,"date":"2025-04-16T23:42:04","date_gmt":"2025-04-16T23:42:04","guid":{"rendered":"https:\/\/usapulseseu.org\/impact-social\/"},"modified":"2025-05-22T12:33:45","modified_gmt":"2025-05-22T12:33:45","slug":"impact-social","status":"publish","type":"page","link":"https:\/\/usapulseseu.org\/fr\/avantages\/impact-social\/","title":{"rendered":"Impact social"},"content":{"rendered":"<p>[et_pb_section fb_built=\u00a0\u00bb1&Prime; _builder_version=\u00a0\u00bb4.27.4&Prime; _module_preset=\u00a0\u00bbdefault\u00a0\u00bb background_image=\u00a0\u00bbhttps:\/\/usapulseseu.org\/wp-content\/uploads\/2024\/12\/image-header-1.png\u00a0\u00bb min_height=\u00a0\u00bb50vh\u00a0\u00bb custom_css_main_element=\u00a0\u00bbdisplay: flex;||flex-direction: column;||justify-content: center;\u00a0\u00bb global_colors_info=\u00a0\u00bb{}\u00a0\u00bb][et_pb_row column_structure=\u00a0\u00bb3_5,2_5&Prime; _builder_version=\u00a0\u00bb4.27.4&Prime; _module_preset=\u00a0\u00bbdefault\u00a0\u00bb global_colors_info=\u00a0\u00bb{}\u00a0\u00bb][et_pb_column type=\u00a0\u00bb3_5&Prime; _builder_version=\u00a0\u00bb4.27.4&Prime; _module_preset=\u00a0\u00bbdefault\u00a0\u00bb global_colors_info=\u00a0\u00bb{}\u00a0\u00bb][et_pb_heading title=\u00a0\u00bbImpact social\u00a0\u00bb _builder_version=\u00a0\u00bb4.27.4&Prime; _module_preset=\u00a0\u00bbdefault\u00a0\u00bb title_text_color=\u00a0\u00bb#FFFFFF\u00a0\u00bb title_font_size=\u00a0\u00bb75px\u00a0\u00bb global_colors_info=\u00a0\u00bb{}\u00a0\u00bb][\/et_pb_heading][\/et_pb_column][et_pb_column type=\u00a0\u00bb2_5&Prime; _builder_version=\u00a0\u00bb4.27.4&Prime; _module_preset=\u00a0\u00bbdefault\u00a0\u00bb global_colors_info=\u00a0\u00bb{}\u00a0\u00bb][et_pb_text _builder_version=\u00a0\u00bb4.27.4&Prime; _module_preset=\u00a0\u00bbdefault\u00a0\u00bb text_text_color=\u00a0\u00bb#FFFFFF\u00a0\u00bb global_colors_info=\u00a0\u00bb{}\u00a0\u00bb]<\/p>\n<p><strong>Gr\u00e2ce \u00e0 leur solide profil nutritionnel, leur saveur agr\u00e9able, leur co\u00fbt relativement faible et leur capacit\u00e9 \u00e0 \u00eatre cuisin\u00e9es, les l\u00e9gumineuses constituent une part importante de l&rsquo;alimentation humaine depuis des mill\u00e9naires. Dans le monde d&rsquo;aujourd&rsquo;hui, o\u00f9 la population ne cesse de cro\u00eetre, il est important de reconna\u00eetre l&rsquo;impact social que les l\u00e9gumineuses ont eu et continueront d&rsquo;avoir sur la soci\u00e9t\u00e9 au cours des prochaines d\u00e9cennies. <\/strong><\/p>\n<p>[\/et_pb_text][\/et_pb_column][\/et_pb_row][\/et_pb_section][et_pb_section fb_built=\u00a0\u00bb1&Prime; _builder_version=\u00a0\u00bb4.27.4&Prime; _module_preset=\u00a0\u00bbdefault\u00a0\u00bb global_colors_info=\u00a0\u00bb{}\u00a0\u00bb][et_pb_row column_structure=\u00a0\u00bb1_2,1_2&Prime; _builder_version=\u00a0\u00bb4.27.4&Prime; _module_preset=\u00a0\u00bbdefault\u00a0\u00bb global_colors_info=\u00a0\u00bb{}\u00a0\u00bb][et_pb_column type=\u00a0\u00bb1_2&Prime; _builder_version=\u00a0\u00bb4.27.4&Prime; _module_preset=\u00a0\u00bbdefault\u00a0\u00bb custom_padding=\u00a0\u00bb|40px|||false|false\u00a0\u00bb global_colors_info=\u00a0\u00bb{}\u00a0\u00bb][et_pb_heading title=\u00a0\u00bbMangez plus pour moins cher\u00a0\u00bb _builder_version=\u00a0\u00bb4.27.4&Prime; _module_preset=\u00a0\u00bbdefault\u00a0\u00bb title_font=\u00a0\u00bbEB Garamond|500|||||||\u00a0\u00bb global_colors_info=\u00a0\u00bb{}\u00a0\u00bb][\/et_pb_heading][et_pb_text _builder_version=\u00a0\u00bb4.27.4&Prime; _module_preset=\u00a0\u00bbdefault\u00a0\u00bb global_colors_info=\u00a0\u00bb{}\u00a0\u00bb]<\/p>\n<h3 class=\"elementor-icon-box-title\"><span>Les l\u00e9gumineuses sont un aliment de base dans le monde entier et jouent un r\u00f4le cl\u00e9 dans de nombreuses cuisines traditionnelles.<\/span><\/h3>\n<p>[\/et_pb_text][et_pb_text _builder_version=\u00a0\u00bb4.27.4&Prime; _module_preset=\u00a0\u00bbdefault\u00a0\u00bb global_colors_info=\u00a0\u00bb{}\u00a0\u00bb]<\/p>\n<div class=\"elementor-element elementor-element-44502b3 elementor-widget elementor-widget-text-editor is-mac\" data-id=\"44502b3\" data-element_type=\"widget\" data-widget_type=\"text-editor.default\">\n<div class=\"elementor-widget-container\">\n<p>En outre, ils constituent un \u00e9l\u00e9ment important de la tendance sociale et gastronomique actuelle qui consiste \u00e0 adopter un r\u00e9gime alimentaire riche en l\u00e9gumes et en prot\u00e9ines d&rsquo;origine v\u00e9g\u00e9tale, et moins d\u00e9pendant des prot\u00e9ines animales.<\/p>\n<\/div>\n<\/div>\n<div class=\"elementor-element elementor-element-e7274fb elementor-widget elementor-widget-text-editor is-mac\" data-id=\"e7274fb\" data-element_type=\"widget\" id=\"text_1\" data-widget_type=\"text-editor.default\">\n<div class=\"elementor-widget-container\">\n<p><span data-contrast=\"auto\">Si l&rsquo;on consid\u00e8re qu&rsquo;une portion de prot\u00e9ines est de 200g :<\/span><span data-ccp-props=\"{}\"> <\/span><\/p>\n<p><span data-contrast=\"auto\">Le co\u00fbt par portion de  <\/span><span data-contrast=\"auto\">cuit  <\/span><span data-contrast=\"auto\">lentilles est 0<\/span><span data-contrast=\"auto\">.<\/span><span data-contrast=\"auto\">3<\/span><span data-contrast=\"auto\">0\u20ac<\/span><span data-contrast=\"auto\">  vs.  <\/span><span data-contrast=\"auto\">2<\/span><span data-contrast=\"auto\">.1<\/span><span data-contrast=\"auto\">\u20ac<\/span><span data-contrast=\"auto\">  pour la viande de b\u0153uf<\/span><span data-contrast=\"auto\">  steak<\/span><span data-contrast=\"auto\">,  <\/span><span data-contrast=\"auto\">0.8<\/span><span data-contrast=\"auto\">\u20ac<\/span><span data-contrast=\"auto\">  pour le porc<\/span><span data-contrast=\"auto\">  longe<\/span><span data-contrast=\"auto\">,  <\/span><span data-contrast=\"auto\">1\u20ac<\/span><span data-contrast=\"auto\">  pour le poulet<\/span><span data-contrast=\"auto\">  jambes<\/span><span data-contrast=\"auto\">.<\/span><\/p>\n<\/div>\n<\/div>\n<p>[\/et_pb_text][et_pb_button button_url=\u00a0\u00bbhttps:\/\/usapulseseu.org\/wp-content\/uploads\/2025\/04\/Affordability_and_food_security.pdf\u00a0\u00bb url_new_window=\u00a0\u00bbon\u00a0\u00bb button_text=\u00a0\u00bbAbordabilit\u00e9 et s\u00e9curit\u00e9 alimentaire\u00a0\u00bb _builder_version=\u00a0\u00bb4.27.4&Prime; _module_preset=\u00a0\u00bbdefault\u00a0\u00bb custom_button=\u00a0\u00bbon\u00a0\u00bb button_bg_color=\u00a0\u00bbgcid-a2cce56f-8b6d-49c7-96ea-cdeacb74cc31&Prime; button_use_icon=\u00a0\u00bboff\u00a0\u00bb locked=\u00a0\u00bboff\u00a0\u00bb global_colors_info=\u00a0\u00bb{%22gcid-a2cce56f-8b6d-49c7-96ea-cdeacb74cc31%22:%91%22button_bg_color%22%93}\u00a0\u00bb][\/et_pb_button][et_pb_button button_url=\u00a0\u00bbhttps:\/\/usapulseseu.org\/wp-content\/uploads\/2025\/04\/Eat-well-saving-more.pdf\u00a0\u00bb button_text=\u00a0\u00bbMangez bien et \u00e9conomisez plus\u00a0\u00bb _builder_version=\u00a0\u00bb4.27.4&Prime; _module_preset=\u00a0\u00bbdefault\u00a0\u00bb custom_button=\u00a0\u00bbon\u00a0\u00bb button_bg_color=\u00a0\u00bbgcid-a2cce56f-8b6d-49c7-96ea-cdeacb74cc31&Prime; button_use_icon=\u00a0\u00bboff\u00a0\u00bb locked=\u00a0\u00bboff\u00a0\u00bb global_colors_info=\u00a0\u00bb{%22gcid-a2cce56f-8b6d-49c7-96ea-cdeacb74cc31%22:%91%22button_bg_color%22%93}\u00a0\u00bb][\/et_pb_button][\/et_pb_column][et_pb_column type=\u00a0\u00bb1_2&Prime; _builder_version=\u00a0\u00bb4.27.4&Prime; _module_preset=\u00a0\u00bbdefault\u00a0\u00bb global_colors_info=\u00a0\u00bb{}\u00a0\u00bb][et_pb_image src=\u00a0\u00bbhttps:\/\/usapulseseu.org\/wp-content\/uploads\/2025\/04\/shopping-eat-more-for-less-web.jpg\u00a0\u00bb title_text=\u00a0\u00bbshopping-manger-plus-pour-moins-web\u00a0\u00bb _builder_version=\u00a0\u00bb4.27.4&Prime; _module_preset=\u00a0\u00bbdefault\u00a0\u00bb border_radii=\u00a0\u00bbon|34px|34px|34px|34px\u00a0\u00bb global_colors_info=\u00a0\u00bb{}\u00a0\u00bb][\/et_pb_image][\/et_pb_column][\/et_pb_row][\/et_pb_section][et_pb_section fb_built=\u00a0\u00bb1&Prime; _builder_version=\u00a0\u00bb4.27.4&Prime; _module_preset=\u00a0\u00bbdefault\u00a0\u00bb global_colors_info=\u00a0\u00bb{}\u00a0\u00bb][et_pb_row column_structure=\u00a0\u00bb1_2,1_2&Prime; _builder_version=\u00a0\u00bb4.27.4&Prime; _module_preset=\u00a0\u00bbdefault\u00a0\u00bb global_colors_info=\u00a0\u00bb{}\u00a0\u00bb][et_pb_column type=\u00a0\u00bb1_2&Prime; _builder_version=\u00a0\u00bb4.27.4&Prime; _module_preset=\u00a0\u00bbdefault\u00a0\u00bb global_colors_info=\u00a0\u00bb{}\u00a0\u00bb][et_pb_image src=\u00a0\u00bbhttps:\/\/usapulseseu.org\/wp-content\/uploads\/2025\/04\/Feeding-the-world.jpg\u00a0\u00bb title_text=\u00a0\u00bbNourrir le monde\u00a0\u00bb _builder_version=\u00a0\u00bb4.27.4&Prime; _module_preset=\u00a0\u00bbdefault\u00a0\u00bb border_radii=\u00a0\u00bbon|25px|25px|25px|25px\u00a0\u00bb global_colors_info=\u00a0\u00bb{}\u00a0\u00bb][\/et_pb_image][\/et_pb_column][et_pb_column type=\u00a0\u00bb1_2&Prime; _builder_version=\u00a0\u00bb4.27.4&Prime; _module_preset=\u00a0\u00bbdefault\u00a0\u00bb global_colors_info=\u00a0\u00bb{}\u00a0\u00bb][et_pb_heading title=\u00a0\u00bbNourrir le monde\u00a0\u00bb _builder_version=\u00a0\u00bb4.27.4&Prime; _module_preset=\u00a0\u00bbdefault\u00a0\u00bb global_colors_info=\u00a0\u00bb{}\u00a0\u00bb][\/et_pb_heading][et_pb_text _builder_version=\u00a0\u00bb4.27.4&Prime; _module_preset=\u00a0\u00bbdefault\u00a0\u00bb width=\u00a0\u00bb346px\u00a0\u00bb custom_padding=\u00a0\u00bb|57px|||false|false\u00a0\u00bb global_colors_info=\u00a0\u00bb{}\u00a0\u00bb]<\/p>\n<div class=\"elementor-element elementor-element-5c41f6b elementor-widget elementor-widget-text-editor is-mac\" data-id=\"5c41f6b\" data-element_type=\"widget\" data-widget_type=\"text-editor.default\">\n<div class=\"elementor-widget-container\">\n<p><span class=\"TextRun SCXW27522772 BCX0\" lang=\"EN-US\" xml:lang=\"EN-US\" data-contrast=\"none\"><span class=\"NormalTextRun SCXW27522772 BCX0\" data-ccp-parastyle=\"Normal (Web)\">\u00c9tant donn\u00e9 que la population mondiale croissante n\u00e9cessitera une augmentation de 70 % de la production agricole d&rsquo;ici \u00e0 2050, la faible empreinte carbone des l\u00e9gumineuses et leur efficacit\u00e9 en termes d&rsquo;utilisation de l&rsquo;eau et des sols en font l&rsquo;aliment durable id\u00e9al pour l&rsquo;avenir.<\/span><\/span><\/p>\n<p><span class=\"TextRun SCXW27522772 BCX0\" lang=\"EN-US\" xml:lang=\"EN-US\" data-contrast=\"none\"><span class=\"NormalTextRun SCXW27522772 BCX0\" data-ccp-parastyle=\"Normal (Web)\"><\/span><\/span><\/p>\n<\/div>\n<\/div>\n<div class=\"elementor-element elementor-element-0392d76 elementor-widget elementor-widget-text-editor is-mac\" data-id=\"0392d76\" data-element_type=\"widget\" id=\"text_2\" data-widget_type=\"text-editor.default\">\n<div class=\"elementor-widget-container\">\n<p>En am\u00e9liorant la diversit\u00e9 des cultures, les l\u00e9gumineuses r\u00e9duisent les risques auxquels les agriculteurs sont confront\u00e9s sur le plan de l&rsquo;environnement et du march\u00e9.<\/p>\n<\/div>\n<\/div>\n<p>[\/et_pb_text][et_pb_button button_url=\u00a0\u00bbhttps:\/\/usapulseseu.org\/wp-content\/uploads\/2025\/04\/Factsheet_pulses_and_food_security.pdf\u00a0\u00bb url_new_window=\u00a0\u00bbon\u00a0\u00bb button_text=\u00a0\u00bbFiche d&apos;information &#8211; L\u00e9gumineuses \u00e0 grains et s\u00e9curit\u00e9 alimentaire\u00a0\u00bb _builder_version=\u00a0\u00bb4.27.4&Prime; _module_preset=\u00a0\u00bbdefault\u00a0\u00bb custom_button=\u00a0\u00bbon\u00a0\u00bb button_bg_color=\u00a0\u00bbgcid-a2cce56f-8b6d-49c7-96ea-cdeacb74cc31&Prime; button_use_icon=\u00a0\u00bboff\u00a0\u00bb locked=\u00a0\u00bboff\u00a0\u00bb global_colors_info=\u00a0\u00bb{%22gcid-a2cce56f-8b6d-49c7-96ea-cdeacb74cc31%22:%91%22button_bg_color%22%93}\u00a0\u00bb][\/et_pb_button][et_pb_button button_url=\u00a0\u00bbhttps:\/\/usapulseseu.org\/wp-content\/uploads\/2025\/04\/Pulses-contribute-to-food-security.pdf\u00a0\u00bb url_new_window=\u00a0\u00bbon\u00a0\u00bb button_text=\u00a0\u00bbLes l\u00e9gumineuses contribuent \u00e0 la s\u00e9curit\u00e9 alimentaire\u00a0\u00bb _builder_version=\u00a0\u00bb4.27.4&Prime; _module_preset=\u00a0\u00bbdefault\u00a0\u00bb custom_button=\u00a0\u00bbon\u00a0\u00bb button_bg_color=\u00a0\u00bbgcid-a2cce56f-8b6d-49c7-96ea-cdeacb74cc31&Prime; button_use_icon=\u00a0\u00bboff\u00a0\u00bb locked=\u00a0\u00bboff\u00a0\u00bb global_colors_info=\u00a0\u00bb{%22gcid-a2cce56f-8b6d-49c7-96ea-cdeacb74cc31%22:%91%22button_bg_color%22%93}\u00a0\u00bb][\/et_pb_button][\/et_pb_column][\/et_pb_row][\/et_pb_section][et_pb_section fb_built=\u00a0\u00bb1&Prime; _builder_version=\u00a0\u00bb4.27.4&Prime; _module_preset=\u00a0\u00bbdefault\u00a0\u00bb global_colors_info=\u00a0\u00bb{}\u00a0\u00bb][et_pb_row column_structure=\u00a0\u00bb1_2,1_2&Prime; _builder_version=\u00a0\u00bb4.27.4&Prime; _module_preset=\u00a0\u00bbdefault\u00a0\u00bb global_colors_info=\u00a0\u00bb{}\u00a0\u00bb][et_pb_column type=\u00a0\u00bb1_2&Prime; _builder_version=\u00a0\u00bb4.27.4&Prime; _module_preset=\u00a0\u00bbdefault\u00a0\u00bb custom_padding=\u00a0\u00bb|40px|||false|false\u00a0\u00bb global_colors_info=\u00a0\u00bb{}\u00a0\u00bb][et_pb_heading title=\u00a0\u00bb\u00c9conomie sociale\u00a0\u00bb _builder_version=\u00a0\u00bb4.27.4&Prime; _module_preset=\u00a0\u00bbdefault\u00a0\u00bb title_font=\u00a0\u00bbEB Garamond|500|||||||\u00a0\u00bb global_colors_info=\u00a0\u00bb{}\u00a0\u00bb][\/et_pb_heading][et_pb_text _builder_version=\u00a0\u00bb4.27.4&Prime; _module_preset=\u00a0\u00bbdefault\u00a0\u00bb global_colors_info=\u00a0\u00bb{}\u00a0\u00bb]<\/p>\n<h3 class=\"elementor-icon-box-title\"><span>Les l\u00e9gumes secs sont l&rsquo;ingr\u00e9dient parfait \u00e0 ajouter aux menus sociaux<\/span><\/h3>\n<p>[\/et_pb_text][et_pb_text _builder_version=\u00a0\u00bb4.27.4&Prime; _module_preset=\u00a0\u00bbdefault\u00a0\u00bb global_colors_info=\u00a0\u00bb{}\u00a0\u00bb]<\/p>\n<p><span>Ce sont des produits extr\u00eamement abordables et polyvalents qui regorgent de prot\u00e9ines et de nutriments pour nous aider \u00e0 satisfaire nos besoins nutritionnels quotidiens.<\/span><\/p>\n<p><span data-contrast=\"auto\">Collabo Legumechef<\/span><span data-contrast=\"auto\">r<\/span><span data-contrast=\"auto\">ates avec diverses entit\u00e9s pour aider \u00e0 d\u00e9velopper des recettes pour les cuisines institutionnelles.<\/span><\/p>\n<p>[\/et_pb_text][\/et_pb_column][et_pb_column type=\u00a0\u00bb1_2&Prime; _builder_version=\u00a0\u00bb4.27.4&Prime; _module_preset=\u00a0\u00bbdefault\u00a0\u00bb global_colors_info=\u00a0\u00bb{}\u00a0\u00bb][et_pb_image src=\u00a0\u00bbhttps:\/\/usapulseseu.org\/wp-content\/uploads\/2025\/04\/Social-economy.jpg\u00a0\u00bb title_text=\u00a0\u00bb\u00c9conomie sociale\u00a0\u00bb _builder_version=\u00a0\u00bb4.27.4&Prime; _module_preset=\u00a0\u00bbdefault\u00a0\u00bb border_radii=\u00a0\u00bbon|34px|34px|34px|34px\u00a0\u00bb global_colors_info=\u00a0\u00bb{}\u00a0\u00bb][\/et_pb_image][\/et_pb_column][\/et_pb_row][\/et_pb_section][et_pb_section fb_built=\u00a0\u00bb1&Prime; _builder_version=\u00a0\u00bb4.27.4&Prime; _module_preset=\u00a0\u00bbdefault\u00a0\u00bb global_colors_info=\u00a0\u00bb{}\u00a0\u00bb][et_pb_row column_structure=\u00a0\u00bb1_2,1_2&Prime; _builder_version=\u00a0\u00bb4.27.4&Prime; _module_preset=\u00a0\u00bbdefault\u00a0\u00bb global_colors_info=\u00a0\u00bb{}\u00a0\u00bb][et_pb_column type=\u00a0\u00bb1_2&Prime; _builder_version=\u00a0\u00bb4.27.4&Prime; _module_preset=\u00a0\u00bbdefault\u00a0\u00bb global_colors_info=\u00a0\u00bb{}\u00a0\u00bb][et_pb_image src=\u00a0\u00bbhttps:\/\/usapulseseu.org\/wp-content\/uploads\/2025\/04\/with-you-web.jpg\u00a0\u00bb title_text=\u00a0\u00bbavec-vous-web\u00a0\u00bb _builder_version=\u00a0\u00bb4.27.4&Prime; _module_preset=\u00a0\u00bbdefault\u00a0\u00bb global_colors_info=\u00a0\u00bb{}\u00a0\u00bb][\/et_pb_image][\/et_pb_column][et_pb_column type=\u00a0\u00bb1_2&Prime; _builder_version=\u00a0\u00bb4.27.4&Prime; _module_preset=\u00a0\u00bbdefault\u00a0\u00bb global_colors_info=\u00a0\u00bb{}\u00a0\u00bb][et_pb_heading title=\u00a0\u00bbL\u00e9gumineuses USA L&#039;UE et vous\u00a0\u00bb _builder_version=\u00a0\u00bb4.27.4&Prime; _module_preset=\u00a0\u00bbdefault\u00a0\u00bb global_colors_info=\u00a0\u00bb{}\u00a0\u00bb][\/et_pb_heading][et_pb_text _builder_version=\u00a0\u00bb4.27.4&Prime; _module_preset=\u00a0\u00bbdefault\u00a0\u00bb width=\u00a0\u00bb346px\u00a0\u00bb custom_padding=\u00a0\u00bb|1px|||false|false\u00a0\u00bb global_colors_info=\u00a0\u00bb{}\u00a0\u00bb]<\/p>\n<h3 class=\"elementor-icon-box-title\"><span>#usapulseseu \u00e0 travers l&rsquo;Europe est le hashtag lanc\u00e9 pour aider \u00e0 promouvoir les causes sociales de l&rsquo;organisation.<\/span><\/h3>\n<p>[\/et_pb_text][et_pb_text _builder_version=\u00a0\u00bb4.27.4&Prime; _module_preset=\u00a0\u00bbdefault\u00a0\u00bb width=\u00a0\u00bb346px\u00a0\u00bb custom_padding=\u00a0\u00bb|0px|||false|false\u00a0\u00bb global_colors_info=\u00a0\u00bb{}\u00a0\u00bb]<\/p>\n<p><span>En p\u00e9riode de crise, il est important de sensibiliser les gens \u00e0 l&rsquo;importance de soutenir des causes sociales.<\/span><\/p>\n<p><span class=\"TextRun Highlight SCXW73516316 BCX4\" lang=\"EN-US\" xml:lang=\"EN-US\" data-contrast=\"auto\"><span class=\"NormalTextRun SCXW73516316 BCX4\"><span>USA Pulses EU collabore avec la Commission europ\u00e9enne <\/span>.<\/span><\/span><span class=\"TextRun Highlight SCXW73516316 BCX4\" lang=\"EN-US\" xml:lang=\"EN-US\" data-contrast=\"auto\"><span class=\"NormalTextRun SCXW73516316 BCX4\">ting<\/span><\/span><span class=\"TextRun Highlight SCXW73516316 BCX4\" lang=\"EN-US\" xml:lang=\"EN-US\" data-contrast=\"auto\"><span class=\"NormalTextRun SCXW73516316 BCX4\"><span> <\/span>avec diverses fondations en faisant don d&rsquo;impulsions pour aider \u00e0<span> <\/span><\/span><\/span><span class=\"TextRun Highlight SCXW73516316 BCX4\" lang=\"EN-US\" xml:lang=\"EN-US\" data-contrast=\"auto\"><span class=\"NormalTextRun SCXW73516316 BCX4\">repas<\/span><\/span><span class=\"TextRun Highlight SCXW73516316 BCX4\" lang=\"EN-US\" xml:lang=\"EN-US\" data-contrast=\"auto\"><span class=\"NormalTextRun SCXW73516316 BCX4\"><span> <\/span>pour la cuisine sociale<\/span><\/span><span class=\"TextRun Highlight SCXW73516316 BCX4\" lang=\"EN-US\" xml:lang=\"EN-US\" data-contrast=\"auto\"><span class=\"NormalTextRun SCXW73516316 BCX4\"><span> <\/span>alimentation<span> <\/span><\/span><\/span><span class=\"TextRun Highlight SCXW73516316 BCX4\" lang=\"EN-US\" xml:lang=\"EN-US\" data-contrast=\"auto\"><span class=\"NormalTextRun SCXW73516316 BCX4\">les familles dans le besoin et les sans-abri.<\/span><\/span><\/p>\n<p>[\/et_pb_text][\/et_pb_column][\/et_pb_row][\/et_pb_section]<\/p>\n","protected":false},"excerpt":{"rendered":"<p>Gr\u00e2ce \u00e0 leur solide profil nutritionnel, leur saveur agr\u00e9able, leur co\u00fbt relativement faible et leur capacit\u00e9 \u00e0 \u00eatre cuisin\u00e9es, les l\u00e9gumineuses constituent une part importante de l&rsquo;alimentation humaine depuis des mill\u00e9naires. Dans le monde d&rsquo;aujourd&rsquo;hui, o\u00f9 la population ne cesse de cro\u00eetre, il est important de reconna\u00eetre l&rsquo;impact social que les l\u00e9gumineuses ont eu et [&hellip;]<\/p>\n","protected":false},"author":3,"featured_media":0,"parent":32668,"menu_order":0,"comment_status":"closed","ping_status":"closed","template":"","meta":{"_acf_changed":false,"_et_pb_use_builder":"on","_et_pb_old_content":"","_et_gb_content_width":"","footnotes":""},"dipi_cpt_category":[],"class_list":["post-32713","page","type-page","status-publish","hentry"],"acf":[],"yoast_head":"<!-- This site is optimized with the Yoast SEO plugin v26.9 - https:\/\/yoast.com\/product\/yoast-seo-wordpress\/ -->\n<title>Impact social - USA Pulses EU<\/title>\n<meta name=\"robots\" content=\"index, follow, max-snippet:-1, max-image-preview:large, max-video-preview:-1\" \/>\n<link rel=\"canonical\" href=\"https:\/\/usapulseseu.org\/fr\/avantages\/impact-social\/\" \/>\n<meta property=\"og:locale\" content=\"fr_FR\" \/>\n<meta property=\"og:type\" content=\"article\" \/>\n<meta property=\"og:title\" content=\"Impact social - USA Pulses EU\" \/>\n<meta property=\"og:site_name\" content=\"USA Pulses EU\" \/>\n<meta property=\"article:publisher\" content=\"https:\/\/www.facebook.com\/USAPulsesEurope\" \/>\n<meta property=\"article:modified_time\" content=\"2025-05-22T12:33:45+00:00\" \/>\n<meta name=\"twitter:card\" content=\"summary_large_image\" \/>\n<meta name=\"twitter:label1\" content=\"Est. reading time\" \/>\n\t<meta name=\"twitter:data1\" content=\"7 minutes\" \/>\n<script type=\"application\/ld+json\" class=\"yoast-schema-graph\">{\"@context\":\"https:\/\/schema.org\",\"@graph\":[{\"@type\":\"WebPage\",\"@id\":\"https:\/\/usapulseseu.org\/fr\/avantages\/impact-social\/\",\"url\":\"https:\/\/usapulseseu.org\/fr\/avantages\/impact-social\/\",\"name\":\"Impact social - USA Pulses EU\",\"isPartOf\":{\"@id\":\"https:\/\/usapulseseu.org\/fr\/#website\"},\"datePublished\":\"2025-04-16T23:42:04+00:00\",\"dateModified\":\"2025-05-22T12:33:45+00:00\",\"breadcrumb\":{\"@id\":\"https:\/\/usapulseseu.org\/fr\/avantages\/impact-social\/#breadcrumb\"},\"inLanguage\":\"fr-FR\",\"potentialAction\":[{\"@type\":\"ReadAction\",\"target\":[\"https:\/\/usapulseseu.org\/fr\/avantages\/impact-social\/\"]}]},{\"@type\":\"BreadcrumbList\",\"@id\":\"https:\/\/usapulseseu.org\/fr\/avantages\/impact-social\/#breadcrumb\",\"itemListElement\":[{\"@type\":\"ListItem\",\"position\":1,\"name\":\"Home\",\"item\":\"https:\/\/usapulseseu.org\/\"},{\"@type\":\"ListItem\",\"position\":2,\"name\":\"Avantages\",\"item\":\"https:\/\/usapulseseu.org\/fr\/avantages\/\"},{\"@type\":\"ListItem\",\"position\":3,\"name\":\"Impact social\"}]},{\"@type\":\"WebSite\",\"@id\":\"https:\/\/usapulseseu.org\/fr\/#website\",\"url\":\"https:\/\/usapulseseu.org\/fr\/\",\"name\":\"USA Pulses EU\",\"description\":\"USA Pulses EU is the European home of pulses from the USA\",\"publisher\":{\"@id\":\"https:\/\/usapulseseu.org\/fr\/#organization\"},\"potentialAction\":[{\"@type\":\"SearchAction\",\"target\":{\"@type\":\"EntryPoint\",\"urlTemplate\":\"https:\/\/usapulseseu.org\/fr\/?s={search_term_string}\"},\"query-input\":{\"@type\":\"PropertyValueSpecification\",\"valueRequired\":true,\"valueName\":\"search_term_string\"}}],\"inLanguage\":\"fr-FR\"},{\"@type\":\"Organization\",\"@id\":\"https:\/\/usapulseseu.org\/fr\/#organization\",\"name\":\"USA Pulses EU\",\"url\":\"https:\/\/usapulseseu.org\/fr\/\",\"logo\":{\"@type\":\"ImageObject\",\"inLanguage\":\"fr-FR\",\"@id\":\"https:\/\/usapulseseu.org\/fr\/#\/schema\/logo\/image\/\",\"url\":\"https:\/\/usapulseseu.org\/wp-content\/uploads\/2025\/06\/USA-Pulses-Favicon.png\",\"contentUrl\":\"https:\/\/usapulseseu.org\/wp-content\/uploads\/2025\/06\/USA-Pulses-Favicon.png\",\"width\":512,\"height\":512,\"caption\":\"USA Pulses EU\"},\"image\":{\"@id\":\"https:\/\/usapulseseu.org\/fr\/#\/schema\/logo\/image\/\"},\"sameAs\":[\"https:\/\/www.facebook.com\/USAPulsesEurope\",\"https:\/\/www.instagram.com\/usapulseseurope\/\",\"https:\/\/www.tiktok.com\/@usapulseseurope\"]}]}<\/script>\n<!-- \/ Yoast SEO plugin. -->","yoast_head_json":{"title":"Impact social - USA Pulses EU","robots":{"index":"index","follow":"follow","max-snippet":"max-snippet:-1","max-image-preview":"max-image-preview:large","max-video-preview":"max-video-preview:-1"},"canonical":"https:\/\/usapulseseu.org\/fr\/avantages\/impact-social\/","og_locale":"fr_FR","og_type":"article","og_title":"Impact social - USA Pulses EU","og_site_name":"USA Pulses EU","article_publisher":"https:\/\/www.facebook.com\/USAPulsesEurope","article_modified_time":"2025-05-22T12:33:45+00:00","twitter_card":"summary_large_image","twitter_misc":{"Est. reading time":"7 minutes"},"schema":{"@context":"https:\/\/schema.org","@graph":[{"@type":"WebPage","@id":"https:\/\/usapulseseu.org\/fr\/avantages\/impact-social\/","url":"https:\/\/usapulseseu.org\/fr\/avantages\/impact-social\/","name":"Impact social - USA Pulses EU","isPartOf":{"@id":"https:\/\/usapulseseu.org\/fr\/#website"},"datePublished":"2025-04-16T23:42:04+00:00","dateModified":"2025-05-22T12:33:45+00:00","breadcrumb":{"@id":"https:\/\/usapulseseu.org\/fr\/avantages\/impact-social\/#breadcrumb"},"inLanguage":"fr-FR","potentialAction":[{"@type":"ReadAction","target":["https:\/\/usapulseseu.org\/fr\/avantages\/impact-social\/"]}]},{"@type":"BreadcrumbList","@id":"https:\/\/usapulseseu.org\/fr\/avantages\/impact-social\/#breadcrumb","itemListElement":[{"@type":"ListItem","position":1,"name":"Home","item":"https:\/\/usapulseseu.org\/"},{"@type":"ListItem","position":2,"name":"Avantages","item":"https:\/\/usapulseseu.org\/fr\/avantages\/"},{"@type":"ListItem","position":3,"name":"Impact social"}]},{"@type":"WebSite","@id":"https:\/\/usapulseseu.org\/fr\/#website","url":"https:\/\/usapulseseu.org\/fr\/","name":"USA Pulses EU","description":"USA Pulses EU is the European home of pulses from the USA","publisher":{"@id":"https:\/\/usapulseseu.org\/fr\/#organization"},"potentialAction":[{"@type":"SearchAction","target":{"@type":"EntryPoint","urlTemplate":"https:\/\/usapulseseu.org\/fr\/?s={search_term_string}"},"query-input":{"@type":"PropertyValueSpecification","valueRequired":true,"valueName":"search_term_string"}}],"inLanguage":"fr-FR"},{"@type":"Organization","@id":"https:\/\/usapulseseu.org\/fr\/#organization","name":"USA Pulses EU","url":"https:\/\/usapulseseu.org\/fr\/","logo":{"@type":"ImageObject","inLanguage":"fr-FR","@id":"https:\/\/usapulseseu.org\/fr\/#\/schema\/logo\/image\/","url":"https:\/\/usapulseseu.org\/wp-content\/uploads\/2025\/06\/USA-Pulses-Favicon.png","contentUrl":"https:\/\/usapulseseu.org\/wp-content\/uploads\/2025\/06\/USA-Pulses-Favicon.png","width":512,"height":512,"caption":"USA Pulses EU"},"image":{"@id":"https:\/\/usapulseseu.org\/fr\/#\/schema\/logo\/image\/"},"sameAs":["https:\/\/www.facebook.com\/USAPulsesEurope","https:\/\/www.instagram.com\/usapulseseurope\/","https:\/\/www.tiktok.com\/@usapulseseurope"]}]}},"featured_image_src":null,"featured_image_src_square":null,"_links":{"self":[{"href":"https:\/\/usapulseseu.org\/fr\/wp-json\/wp\/v2\/pages\/32713","targetHints":{"allow":["GET"]}}],"collection":[{"href":"https:\/\/usapulseseu.org\/fr\/wp-json\/wp\/v2\/pages"}],"about":[{"href":"https:\/\/usapulseseu.org\/fr\/wp-json\/wp\/v2\/types\/page"}],"author":[{"embeddable":true,"href":"https:\/\/usapulseseu.org\/fr\/wp-json\/wp\/v2\/users\/3"}],"replies":[{"embeddable":true,"href":"https:\/\/usapulseseu.org\/fr\/wp-json\/wp\/v2\/comments?post=32713"}],"version-history":[{"count":0,"href":"https:\/\/usapulseseu.org\/fr\/wp-json\/wp\/v2\/pages\/32713\/revisions"}],"up":[{"embeddable":true,"href":"https:\/\/usapulseseu.org\/fr\/wp-json\/wp\/v2\/pages\/32668"}],"wp:attachment":[{"href":"https:\/\/usapulseseu.org\/fr\/wp-json\/wp\/v2\/media?parent=32713"}],"wp:term":[{"taxonomy":"dipi_cpt_category","embeddable":true,"href":"https:\/\/usapulseseu.org\/fr\/wp-json\/wp\/v2\/dipi_cpt_category?post=32713"}],"curies":[{"name":"wp","href":"https:\/\/api.w.org\/{rel}","templated":true}]}}