{"id":32707,"date":"2025-04-16T23:42:04","date_gmt":"2025-04-16T23:42:04","guid":{"rendered":"https:\/\/usapulseseu.org\/impacto-social\/"},"modified":"2025-05-22T12:33:44","modified_gmt":"2025-05-22T12:33:44","slug":"impacto-social","status":"publish","type":"page","link":"https:\/\/usapulseseu.org\/pt-pt\/beneficios\/impacto-social\/","title":{"rendered":"Impacto social"},"content":{"rendered":"<p>[et_pb_section fb_built=&#8221;1&#8243; _builder_version=&#8221;4.27.4&#8243; _module_preset=&#8221;default&#8221; background_image=&#8221;https:\/\/usapulseseu.org\/wp-content\/uploads\/2024\/12\/image-header-1.png&#8221; min_height=&#8221;50vh&#8221; custom_css_main_element=&#8221;display: flex;||flex-direction: column;||justify-content: center;&#8221; global_colors_info=&#8221;{}&#8221;][et_pb_row column_structure=&#8221;3_5,2_5&#8243; _builder_version=&#8221;4.27.4&#8243; _module_preset=&#8221;default&#8221; global_colors_info=&#8221;{}&#8221;][et_pb_column type=&#8221;3_5&#8243; _builder_version=&#8221;4.27.4&#8243; _module_preset=&#8221;default&#8221; global_colors_info=&#8221;{}&#8221;][et_pb_heading title=&#8221;Impacto social&#8221; _builder_version=&#8221;4.27.4&#8243; _module_preset=&#8221;default&#8221; title_text_color=&#8221;#FFFFFF&#8221; title_font_size=&#8221;75px&#8221; global_colors_info=&#8221;{}&#8221;][\/et_pb_heading][\/et_pb_column][et_pb_column type=&#8221;2_5&#8243; _builder_version=&#8221;4.27.4&#8243; _module_preset=&#8221;default&#8221; global_colors_info=&#8221;{}&#8221;][et_pb_text _builder_version=&#8221;4.27.4&#8243; _module_preset=&#8221;default&#8221; text_text_color=&#8221;#FFFFFF&#8221; global_colors_info=&#8221;{}&#8221;]<\/p>\n<p><strong>Gra\u00e7as ao seu perfil nutricional robusto, sabor agrad\u00e1vel, custo comparativamente baixo e versatilidade culin\u00e1ria, as leguminosas t\u00eam sido uma parte importante da dieta humana durante mil\u00e9nios. No mundo de hoje, com uma popula\u00e7\u00e3o em constante crescimento, \u00e9 importante reconhecer o impacto social que as leguminosas t\u00eam e continuar\u00e3o a ter na sociedade nas pr\u00f3ximas d\u00e9cadas. <\/strong><\/p>\n<p>[\/et_pb_text][\/et_pb_column][\/et_pb_row][\/et_pb_section][et_pb_section fb_built=&#8221;1&#8243; _builder_version=&#8221;4.27.4&#8243; _module_preset=&#8221;default&#8221; global_colors_info=&#8221;{}&#8221;][et_pb_row column_structure=&#8221;1_2,1_2&#8243; _builder_version=&#8221;4.27.4&#8243; _module_preset=&#8221;default&#8221; global_colors_info=&#8221;{}&#8221;][et_pb_column type=&#8221;1_2&#8243; _builder_version=&#8221;4.27.4&#8243; _module_preset=&#8221;default&#8221; custom_padding=&#8221;|40px|||false|false&#8221; global_colors_info=&#8221;{}&#8221;][et_pb_heading title=&#8221;Come mais por menos&#8221; _builder_version=&#8221;4.27.4&#8243; _module_preset=&#8221;default&#8221; title_font=&#8221;EB Garamond|500|||||||&#8221; global_colors_info=&#8221;{}&#8221;][\/et_pb_heading][et_pb_text _builder_version=&#8221;4.27.4&#8243; _module_preset=&#8221;default&#8221; global_colors_info=&#8221;{}&#8221;]<\/p>\n<h3 class=\"elementor-icon-box-title\"><span>As leguminosas s\u00e3o um alimento b\u00e1sico em todo o mundo, desempenhando um papel fundamental em muitas cozinhas tradicionais<\/span><\/h3>\n<p>[\/et_pb_text][et_pb_text _builder_version=&#8221;4.27.4&#8243; _module_preset=&#8221;default&#8221; global_colors_info=&#8221;{}&#8221;]<\/p>\n<div class=\"elementor-element elementor-element-44502b3 elementor-widget elementor-widget-text-editor is-mac\" data-id=\"44502b3\" data-element_type=\"widget\" data-widget_type=\"text-editor.default\">\n<div class=\"elementor-widget-container\">\n<p>Al\u00e9m disso, s\u00e3o um elemento importante nas actuais tend\u00eancias sociais e gastron\u00f3micas para uma dieta rica em vegetais e prote\u00ednas de origem vegetal, e menos dependente das prote\u00ednas animais.<\/p>\n<\/div>\n<\/div>\n<div class=\"elementor-element elementor-element-e7274fb elementor-widget elementor-widget-text-editor is-mac\" data-id=\"e7274fb\" data-element_type=\"widget\" id=\"text_1\" data-widget_type=\"text-editor.default\">\n<div class=\"elementor-widget-container\">\n<p><span data-contrast=\"auto\">Se considerarmos que uma por\u00e7\u00e3o de prote\u00edna \u00e9 de 200g:<\/span><span data-ccp-props=\"{}\"> <\/span><\/p>\n<p><span data-contrast=\"auto\">O custo por dose de  <\/span><span data-contrast=\"auto\">cozinhado  <\/span><span data-contrast=\"auto\">lentilhas \u00e9 0<\/span><span data-contrast=\"auto\">.<\/span><span data-contrast=\"auto\">3<\/span><span data-contrast=\"auto\">0\u20ac<\/span><span data-contrast=\"auto\">  contra.  <\/span><span data-contrast=\"auto\">2<\/span><span data-contrast=\"auto\">.1<\/span><span data-contrast=\"auto\">\u20ac<\/span><span data-contrast=\"auto\">  para carne de bovino<\/span><span data-contrast=\"auto\">  bife<\/span><span data-contrast=\"auto\">,  <\/span><span data-contrast=\"auto\">0.8<\/span><span data-contrast=\"auto\">\u20ac<\/span><span data-contrast=\"auto\">  para carne de porco<\/span><span data-contrast=\"auto\">  lombo<\/span><span data-contrast=\"auto\">,  <\/span><span data-contrast=\"auto\">1\u20ac<\/span><span data-contrast=\"auto\">  para o frango<\/span><span data-contrast=\"auto\">  pernas<\/span><span data-contrast=\"auto\">.<\/span><\/p>\n<\/div>\n<\/div>\n<p>[\/et_pb_text][et_pb_button button_url=&#8221;https:\/\/usapulseseu.org\/wp-content\/uploads\/2025\/04\/Affordability_and_food_security.pdf&#8221; url_new_window=&#8221;on&#8221; button_text=&#8221;Acessibilidade e seguran\u00e7a alimentar&#8221; _builder_version=&#8221;4.27.4&#8243; _module_preset=&#8221;default&#8221; custom_button=&#8221;on&#8221; button_bg_color=&#8221;gcid-a2cce56f-8b6d-49c7-96ea-cdeacb74cc31&#8243; button_use_icon=&#8221;off&#8221; locked=&#8221;off&#8221; global_colors_info=&#8221;{%22gcid-a2cce56f-8b6d-49c7-96ea-cdeacb74cc31%22:%91%22button_bg_color%22%93}&#8221;][\/et_pb_button][et_pb_button button_url=&#8221;https:\/\/usapulseseu.org\/wp-content\/uploads\/2025\/04\/Eat-well-saving-more.pdf&#8221; button_text=&#8221;Come bem Poupa mais&#8221; _builder_version=&#8221;4.27.4&#8243; _module_preset=&#8221;default&#8221; custom_button=&#8221;on&#8221; button_bg_color=&#8221;gcid-a2cce56f-8b6d-49c7-96ea-cdeacb74cc31&#8243; button_use_icon=&#8221;off&#8221; locked=&#8221;off&#8221; global_colors_info=&#8221;{%22gcid-a2cce56f-8b6d-49c7-96ea-cdeacb74cc31%22:%91%22button_bg_color%22%93}&#8221;][\/et_pb_button][\/et_pb_column][et_pb_column type=&#8221;1_2&#8243; _builder_version=&#8221;4.27.4&#8243; _module_preset=&#8221;default&#8221; global_colors_info=&#8221;{}&#8221;][et_pb_image src=&#8221;https:\/\/usapulseseu.org\/wp-content\/uploads\/2025\/04\/shopping-eat-more-for-less-web.jpg&#8221; title_text=&#8221;comprar-comer-mais-por-menos-web&#8221; _builder_version=&#8221;4.27.4&#8243; _module_preset=&#8221;default&#8221; border_radii=&#8221;on|34px|34px|34px|34px&#8221; global_colors_info=&#8221;{}&#8221;][\/et_pb_image][\/et_pb_column][\/et_pb_row][\/et_pb_section][et_pb_section fb_built=&#8221;1&#8243; _builder_version=&#8221;4.27.4&#8243; _module_preset=&#8221;default&#8221; global_colors_info=&#8221;{}&#8221;][et_pb_row column_structure=&#8221;1_2,1_2&#8243; _builder_version=&#8221;4.27.4&#8243; _module_preset=&#8221;default&#8221; global_colors_info=&#8221;{}&#8221;][et_pb_column type=&#8221;1_2&#8243; _builder_version=&#8221;4.27.4&#8243; _module_preset=&#8221;default&#8221; global_colors_info=&#8221;{}&#8221;][et_pb_image src=&#8221;https:\/\/usapulseseu.org\/wp-content\/uploads\/2025\/04\/Feeding-the-world.jpg&#8221; title_text=&#8221;Alimentar o mundo&#8221; _builder_version=&#8221;4.27.4&#8243; _module_preset=&#8221;default&#8221; border_radii=&#8221;on|25px|25px|25px|25px&#8221; global_colors_info=&#8221;{}&#8221;][\/et_pb_image][\/et_pb_column][et_pb_column type=&#8221;1_2&#8243; _builder_version=&#8221;4.27.4&#8243; _module_preset=&#8221;default&#8221; global_colors_info=&#8221;{}&#8221;][et_pb_heading title=&#8221;Alimentar o mundo&#8221; _builder_version=&#8221;4.27.4&#8243; _module_preset=&#8221;default&#8221; global_colors_info=&#8221;{}&#8221;][\/et_pb_heading][et_pb_text _builder_version=&#8221;4.27.4&#8243; _module_preset=&#8221;default&#8221; width=&#8221;346px&#8221; custom_padding=&#8221;|57px|||false|false&#8221; global_colors_info=&#8221;{}&#8221;]<\/p>\n<div class=\"elementor-element elementor-element-5c41f6b elementor-widget elementor-widget-text-editor is-mac\" data-id=\"5c41f6b\" data-element_type=\"widget\" data-widget_type=\"text-editor.default\">\n<div class=\"elementor-widget-container\">\n<p><span class=\"TextRun SCXW27522772 BCX0\" lang=\"EN-US\" xml:lang=\"EN-US\" data-contrast=\"none\"><span class=\"NormalTextRun SCXW27522772 BCX0\" data-ccp-parastyle=\"Normal (Web)\">Uma vez que o crescimento da popula\u00e7\u00e3o mundial exigir\u00e1 um aumento de 70% da produ\u00e7\u00e3o agr\u00edcola at\u00e9 2050, a baixa pegada de carbono das leguminosas e a sua efici\u00eancia em termos de \u00e1gua e solo fazem delas o alimento sustent\u00e1vel ideal do futuro.<\/span><\/span><\/p>\n<p><span class=\"TextRun SCXW27522772 BCX0\" lang=\"EN-US\" xml:lang=\"EN-US\" data-contrast=\"none\"><span class=\"NormalTextRun SCXW27522772 BCX0\" data-ccp-parastyle=\"Normal (Web)\"><\/span><\/span><\/p>\n<\/div>\n<\/div>\n<div class=\"elementor-element elementor-element-0392d76 elementor-widget elementor-widget-text-editor is-mac\" data-id=\"0392d76\" data-element_type=\"widget\" id=\"text_2\" data-widget_type=\"text-editor.default\">\n<div class=\"elementor-widget-container\">\n<p>Ao aumentarem a diversidade das culturas, as leguminosas reduzem os riscos que os agricultores enfrentam em termos ambientais e de mercado<\/p>\n<\/div>\n<\/div>\n<p>[\/et_pb_text][et_pb_button button_url=&#8221;https:\/\/usapulseseu.org\/wp-content\/uploads\/2025\/04\/Factsheet_pulses_and_food_security.pdf&#8221; url_new_window=&#8221;on&#8221; button_text=&#8221;Ficha de informa\u00e7\u00e3o &#8211; As leguminosas e a seguran\u00e7a alimentar&#8221; _builder_version=&#8221;4.27.4&#8243; _module_preset=&#8221;default&#8221; custom_button=&#8221;on&#8221; button_bg_color=&#8221;gcid-a2cce56f-8b6d-49c7-96ea-cdeacb74cc31&#8243; button_use_icon=&#8221;off&#8221; locked=&#8221;off&#8221; global_colors_info=&#8221;{%22gcid-a2cce56f-8b6d-49c7-96ea-cdeacb74cc31%22:%91%22button_bg_color%22%93}&#8221;][\/et_pb_button][et_pb_button button_url=&#8221;https:\/\/usapulseseu.org\/wp-content\/uploads\/2025\/04\/Pulses-contribute-to-food-security.pdf&#8221; url_new_window=&#8221;on&#8221; button_text=&#8221;As leguminosas contribuem para a seguran\u00e7a alimentar&#8221; _builder_version=&#8221;4.27.4&#8243; _module_preset=&#8221;default&#8221; custom_button=&#8221;on&#8221; button_bg_color=&#8221;gcid-a2cce56f-8b6d-49c7-96ea-cdeacb74cc31&#8243; button_use_icon=&#8221;off&#8221; locked=&#8221;off&#8221; global_colors_info=&#8221;{%22gcid-a2cce56f-8b6d-49c7-96ea-cdeacb74cc31%22:%91%22button_bg_color%22%93}&#8221;][\/et_pb_button][\/et_pb_column][\/et_pb_row][\/et_pb_section][et_pb_section fb_built=&#8221;1&#8243; _builder_version=&#8221;4.27.4&#8243; _module_preset=&#8221;default&#8221; global_colors_info=&#8221;{}&#8221;][et_pb_row column_structure=&#8221;1_2,1_2&#8243; _builder_version=&#8221;4.27.4&#8243; _module_preset=&#8221;default&#8221; global_colors_info=&#8221;{}&#8221;][et_pb_column type=&#8221;1_2&#8243; _builder_version=&#8221;4.27.4&#8243; _module_preset=&#8221;default&#8221; custom_padding=&#8221;|40px|||false|false&#8221; global_colors_info=&#8221;{}&#8221;][et_pb_heading title=&#8221;Economia social&#8221; _builder_version=&#8221;4.27.4&#8243; _module_preset=&#8221;default&#8221; title_font=&#8221;EB Garamond|500|||||||&#8221; global_colors_info=&#8221;{}&#8221;][\/et_pb_heading][et_pb_text _builder_version=&#8221;4.27.4&#8243; _module_preset=&#8221;default&#8221; global_colors_info=&#8221;{}&#8221;]<\/p>\n<h3 class=\"elementor-icon-box-title\"><span>As leguminosas s\u00e3o o ingrediente perfeito para adicionar aos menus sociais<\/span><\/h3>\n<p>[\/et_pb_text][et_pb_text _builder_version=&#8221;4.27.4&#8243; _module_preset=&#8221;default&#8221; global_colors_info=&#8221;{}&#8221;]<\/p>\n<p><span>S\u00e3o produtos extremamente acess\u00edveis e vers\u00e1teis que est\u00e3o repletos de prote\u00ednas e nutrientes para ajudar a satisfazer as nossas necessidades nutricionais di\u00e1rias.<\/span><\/p>\n<p><span data-contrast=\"auto\">Colabora\u00e7\u00e3o Legumechef<\/span><span data-contrast=\"auto\">r<\/span><span data-contrast=\"auto\">colabora com v\u00e1rias entidades para ajudar a desenvolver receitas para cozinhas institucionais.<\/span><\/p>\n<p>[\/et_pb_text][\/et_pb_column][et_pb_column type=&#8221;1_2&#8243; _builder_version=&#8221;4.27.4&#8243; _module_preset=&#8221;default&#8221; global_colors_info=&#8221;{}&#8221;][et_pb_image src=&#8221;https:\/\/usapulseseu.org\/wp-content\/uploads\/2025\/04\/Social-economy.jpg&#8221; title_text=&#8221;Economia social&#8221; _builder_version=&#8221;4.27.4&#8243; _module_preset=&#8221;default&#8221; border_radii=&#8221;on|34px|34px|34px|34px&#8221; global_colors_info=&#8221;{}&#8221;][\/et_pb_image][\/et_pb_column][\/et_pb_row][\/et_pb_section][et_pb_section fb_built=&#8221;1&#8243; _builder_version=&#8221;4.27.4&#8243; _module_preset=&#8221;default&#8221; global_colors_info=&#8221;{}&#8221;][et_pb_row column_structure=&#8221;1_2,1_2&#8243; _builder_version=&#8221;4.27.4&#8243; _module_preset=&#8221;default&#8221; global_colors_info=&#8221;{}&#8221;][et_pb_column type=&#8221;1_2&#8243; _builder_version=&#8221;4.27.4&#8243; _module_preset=&#8221;default&#8221; global_colors_info=&#8221;{}&#8221;][et_pb_image src=&#8221;https:\/\/usapulseseu.org\/wp-content\/uploads\/2025\/04\/with-you-web.jpg&#8221; title_text=&#8221;com a tua web&#8221; _builder_version=&#8221;4.27.4&#8243; _module_preset=&#8221;default&#8221; global_colors_info=&#8221;{}&#8221;][\/et_pb_image][\/et_pb_column][et_pb_column type=&#8221;1_2&#8243; _builder_version=&#8221;4.27.4&#8243; _module_preset=&#8221;default&#8221; global_colors_info=&#8221;{}&#8221;][et_pb_heading title=&#8221;EUA Leguminosas UE e tu&#8221; _builder_version=&#8221;4.27.4&#8243; _module_preset=&#8221;default&#8221; global_colors_info=&#8221;{}&#8221;][\/et_pb_heading][et_pb_text _builder_version=&#8221;4.27.4&#8243; _module_preset=&#8221;default&#8221; width=&#8221;346px&#8221; custom_padding=&#8221;|1px|||false|false&#8221; global_colors_info=&#8221;{}&#8221;]<\/p>\n<h3 class=\"elementor-icon-box-title\"><span>#usapulseseu em toda a Europa \u00e9 a hashtag lan\u00e7ada para ajudar a promover as causas sociais da organiza\u00e7\u00e3o<\/span><\/h3>\n<p>[\/et_pb_text][et_pb_text _builder_version=&#8221;4.27.4&#8243; _module_preset=&#8221;default&#8221; width=&#8221;346px&#8221; custom_padding=&#8221;|0px|||false|false&#8221; global_colors_info=&#8221;{}&#8221;]<\/p>\n<p><span>Em tempos de necessidade, \u00e9 importante sensibilizar as pessoas para a import\u00e2ncia de apoiar causas sociais.<\/span><\/p>\n<p><span class=\"TextRun Highlight SCXW73516316 BCX4\" lang=\"EN-US\" xml:lang=\"EN-US\" data-contrast=\"auto\"><span class=\"NormalTextRun SCXW73516316 BCX4\"><span>A USA Pulses EU <\/span>est\u00e1 a colaborar com a<\/span><\/span><span class=\"TextRun Highlight SCXW73516316 BCX4\" lang=\"EN-US\" xml:lang=\"EN-US\" data-contrast=\"auto\"><span class=\"NormalTextRun SCXW73516316 BCX4\">tingir<\/span><\/span><span class=\"TextRun Highlight SCXW73516316 BCX4\" lang=\"EN-US\" xml:lang=\"EN-US\" data-contrast=\"auto\"><span class=\"NormalTextRun SCXW73516316 BCX4\"><span> <\/span>com v\u00e1rias funda\u00e7\u00f5es, doando pulsos para ajudar a<span> <\/span><\/span><\/span><span class=\"TextRun Highlight SCXW73516316 BCX4\" lang=\"EN-US\" xml:lang=\"EN-US\" data-contrast=\"auto\"><span class=\"NormalTextRun SCXW73516316 BCX4\">refei\u00e7\u00f5es<\/span><\/span><span class=\"TextRun Highlight SCXW73516316 BCX4\" lang=\"EN-US\" xml:lang=\"EN-US\" data-contrast=\"auto\"><span class=\"NormalTextRun SCXW73516316 BCX4\"><span> <\/span>para cozinha social<\/span><\/span><span class=\"TextRun Highlight SCXW73516316 BCX4\" lang=\"EN-US\" xml:lang=\"EN-US\" data-contrast=\"auto\"><span class=\"NormalTextRun SCXW73516316 BCX4\"><span> <\/span>alimenta\u00e7\u00e3o<span> <\/span><\/span><\/span><span class=\"TextRun Highlight SCXW73516316 BCX4\" lang=\"EN-US\" xml:lang=\"EN-US\" data-contrast=\"auto\"><span class=\"NormalTextRun SCXW73516316 BCX4\">fam\u00edlias carenciadas e os sem-abrigo.<\/span><\/span><\/p>\n<p>[\/et_pb_text][\/et_pb_column][\/et_pb_row][\/et_pb_section]<\/p>\n","protected":false},"excerpt":{"rendered":"<p>Gra\u00e7as ao seu perfil nutricional robusto, sabor agrad\u00e1vel, custo comparativamente baixo e versatilidade culin\u00e1ria, as leguminosas t\u00eam sido uma parte importante da dieta humana durante mil\u00e9nios. No mundo de hoje, com uma popula\u00e7\u00e3o em constante crescimento, \u00e9 importante reconhecer o impacto social que as leguminosas t\u00eam e continuar\u00e3o a ter na sociedade nas pr\u00f3ximas d\u00e9cadas. [&hellip;]<\/p>\n","protected":false},"author":3,"featured_media":0,"parent":32663,"menu_order":0,"comment_status":"closed","ping_status":"closed","template":"","meta":{"_acf_changed":false,"_et_pb_use_builder":"on","_et_pb_old_content":"","_et_gb_content_width":"","footnotes":""},"dipi_cpt_category":[],"class_list":["post-32707","page","type-page","status-publish","hentry"],"acf":[],"yoast_head":"<!-- This site is optimized with the Yoast SEO plugin v26.9 - https:\/\/yoast.com\/product\/yoast-seo-wordpress\/ -->\n<title>Impacto social - USA Pulses EU<\/title>\n<meta name=\"robots\" content=\"index, follow, max-snippet:-1, max-image-preview:large, max-video-preview:-1\" \/>\n<link rel=\"canonical\" href=\"https:\/\/usapulseseu.org\/pt-pt\/beneficios\/impacto-social\/\" \/>\n<meta property=\"og:locale\" content=\"pt_PT\" \/>\n<meta property=\"og:type\" content=\"article\" \/>\n<meta property=\"og:title\" content=\"Impacto social - USA Pulses EU\" \/>\n<meta property=\"og:description\" content=\"Conhece as tuas pulsa\u00e7\u00f5esFEIJ\u00c3O PINTOPrepara\u00e7\u00e3o e coment\u00e1rios As lentilhas descorticadas cozinham rapidamente e s\u00e3o perfeitas para sopas, guisados e dals. T\u00eam menos fibra e tanino do que as lentilhas inteiras, o que as torna mais f\u00e1ceis de digerir. Especialmente indicadas para crian\u00e7as pequenas e adultos mais velhos. Sabor Esta lentilha perde parcialmente o seu sabor [&hellip;]\" \/>\n<meta property=\"og:site_name\" content=\"USA Pulses EU\" \/>\n<meta property=\"article:publisher\" content=\"https:\/\/www.facebook.com\/USAPulsesEurope\" \/>\n<meta property=\"article:modified_time\" content=\"2025-05-22T12:33:44+00:00\" \/>\n<meta name=\"twitter:card\" content=\"summary_large_image\" \/>\n<meta name=\"twitter:label1\" content=\"Est. reading time\" \/>\n\t<meta name=\"twitter:data1\" content=\"7 minutos\" \/>\n<script type=\"application\/ld+json\" class=\"yoast-schema-graph\">{\"@context\":\"https:\/\/schema.org\",\"@graph\":[{\"@type\":\"WebPage\",\"@id\":\"https:\/\/usapulseseu.org\/pt-pt\/beneficios\/impacto-social\/\",\"url\":\"https:\/\/usapulseseu.org\/pt-pt\/beneficios\/impacto-social\/\",\"name\":\"Impacto social - USA Pulses EU\",\"isPartOf\":{\"@id\":\"https:\/\/usapulseseu.org\/fr\/#website\"},\"datePublished\":\"2025-04-16T23:42:04+00:00\",\"dateModified\":\"2025-05-22T12:33:44+00:00\",\"breadcrumb\":{\"@id\":\"https:\/\/usapulseseu.org\/pt-pt\/beneficios\/impacto-social\/#breadcrumb\"},\"inLanguage\":\"pt-PT\",\"potentialAction\":[{\"@type\":\"ReadAction\",\"target\":[\"https:\/\/usapulseseu.org\/pt-pt\/beneficios\/impacto-social\/\"]}]},{\"@type\":\"BreadcrumbList\",\"@id\":\"https:\/\/usapulseseu.org\/pt-pt\/beneficios\/impacto-social\/#breadcrumb\",\"itemListElement\":[{\"@type\":\"ListItem\",\"position\":1,\"name\":\"Home\",\"item\":\"https:\/\/usapulseseu.org\/\"},{\"@type\":\"ListItem\",\"position\":2,\"name\":\"Benef\u00edcios\",\"item\":\"https:\/\/usapulseseu.org\/pt-pt\/beneficios\/\"},{\"@type\":\"ListItem\",\"position\":3,\"name\":\"Impacto social\"}]},{\"@type\":\"WebSite\",\"@id\":\"https:\/\/usapulseseu.org\/fr\/#website\",\"url\":\"https:\/\/usapulseseu.org\/fr\/\",\"name\":\"USA Pulses EU\",\"description\":\"USA Pulses EU is the European home of pulses from the USA\",\"publisher\":{\"@id\":\"https:\/\/usapulseseu.org\/fr\/#organization\"},\"potentialAction\":[{\"@type\":\"SearchAction\",\"target\":{\"@type\":\"EntryPoint\",\"urlTemplate\":\"https:\/\/usapulseseu.org\/fr\/?s={search_term_string}\"},\"query-input\":{\"@type\":\"PropertyValueSpecification\",\"valueRequired\":true,\"valueName\":\"search_term_string\"}}],\"inLanguage\":\"pt-PT\"},{\"@type\":\"Organization\",\"@id\":\"https:\/\/usapulseseu.org\/fr\/#organization\",\"name\":\"USA Pulses EU\",\"url\":\"https:\/\/usapulseseu.org\/fr\/\",\"logo\":{\"@type\":\"ImageObject\",\"inLanguage\":\"pt-PT\",\"@id\":\"https:\/\/usapulseseu.org\/fr\/#\/schema\/logo\/image\/\",\"url\":\"https:\/\/usapulseseu.org\/wp-content\/uploads\/2025\/06\/USA-Pulses-Favicon.png\",\"contentUrl\":\"https:\/\/usapulseseu.org\/wp-content\/uploads\/2025\/06\/USA-Pulses-Favicon.png\",\"width\":512,\"height\":512,\"caption\":\"USA Pulses EU\"},\"image\":{\"@id\":\"https:\/\/usapulseseu.org\/fr\/#\/schema\/logo\/image\/\"},\"sameAs\":[\"https:\/\/www.facebook.com\/USAPulsesEurope\",\"https:\/\/www.instagram.com\/usapulseseurope\/\",\"https:\/\/www.tiktok.com\/@usapulseseurope\"]}]}<\/script>\n<!-- \/ Yoast SEO plugin. -->","yoast_head_json":{"title":"Impacto social - USA Pulses EU","robots":{"index":"index","follow":"follow","max-snippet":"max-snippet:-1","max-image-preview":"max-image-preview:large","max-video-preview":"max-video-preview:-1"},"canonical":"https:\/\/usapulseseu.org\/pt-pt\/beneficios\/impacto-social\/","og_locale":"pt_PT","og_type":"article","og_title":"Impacto social - USA Pulses EU","og_description":"Conhece as tuas pulsa\u00e7\u00f5esFEIJ\u00c3O PINTOPrepara\u00e7\u00e3o e coment\u00e1rios As lentilhas descorticadas cozinham rapidamente e s\u00e3o perfeitas para sopas, guisados e dals. T\u00eam menos fibra e tanino do que as lentilhas inteiras, o que as torna mais f\u00e1ceis de digerir. Especialmente indicadas para crian\u00e7as pequenas e adultos mais velhos. Sabor Esta lentilha perde parcialmente o seu sabor [&hellip;]","og_site_name":"USA Pulses EU","article_publisher":"https:\/\/www.facebook.com\/USAPulsesEurope","article_modified_time":"2025-05-22T12:33:44+00:00","twitter_card":"summary_large_image","twitter_misc":{"Est. reading time":"7 minutos"},"schema":{"@context":"https:\/\/schema.org","@graph":[{"@type":"WebPage","@id":"https:\/\/usapulseseu.org\/pt-pt\/beneficios\/impacto-social\/","url":"https:\/\/usapulseseu.org\/pt-pt\/beneficios\/impacto-social\/","name":"Impacto social - USA Pulses EU","isPartOf":{"@id":"https:\/\/usapulseseu.org\/fr\/#website"},"datePublished":"2025-04-16T23:42:04+00:00","dateModified":"2025-05-22T12:33:44+00:00","breadcrumb":{"@id":"https:\/\/usapulseseu.org\/pt-pt\/beneficios\/impacto-social\/#breadcrumb"},"inLanguage":"pt-PT","potentialAction":[{"@type":"ReadAction","target":["https:\/\/usapulseseu.org\/pt-pt\/beneficios\/impacto-social\/"]}]},{"@type":"BreadcrumbList","@id":"https:\/\/usapulseseu.org\/pt-pt\/beneficios\/impacto-social\/#breadcrumb","itemListElement":[{"@type":"ListItem","position":1,"name":"Home","item":"https:\/\/usapulseseu.org\/"},{"@type":"ListItem","position":2,"name":"Benef\u00edcios","item":"https:\/\/usapulseseu.org\/pt-pt\/beneficios\/"},{"@type":"ListItem","position":3,"name":"Impacto social"}]},{"@type":"WebSite","@id":"https:\/\/usapulseseu.org\/fr\/#website","url":"https:\/\/usapulseseu.org\/fr\/","name":"USA Pulses EU","description":"USA Pulses EU is the European home of pulses from the USA","publisher":{"@id":"https:\/\/usapulseseu.org\/fr\/#organization"},"potentialAction":[{"@type":"SearchAction","target":{"@type":"EntryPoint","urlTemplate":"https:\/\/usapulseseu.org\/fr\/?s={search_term_string}"},"query-input":{"@type":"PropertyValueSpecification","valueRequired":true,"valueName":"search_term_string"}}],"inLanguage":"pt-PT"},{"@type":"Organization","@id":"https:\/\/usapulseseu.org\/fr\/#organization","name":"USA Pulses EU","url":"https:\/\/usapulseseu.org\/fr\/","logo":{"@type":"ImageObject","inLanguage":"pt-PT","@id":"https:\/\/usapulseseu.org\/fr\/#\/schema\/logo\/image\/","url":"https:\/\/usapulseseu.org\/wp-content\/uploads\/2025\/06\/USA-Pulses-Favicon.png","contentUrl":"https:\/\/usapulseseu.org\/wp-content\/uploads\/2025\/06\/USA-Pulses-Favicon.png","width":512,"height":512,"caption":"USA Pulses EU"},"image":{"@id":"https:\/\/usapulseseu.org\/fr\/#\/schema\/logo\/image\/"},"sameAs":["https:\/\/www.facebook.com\/USAPulsesEurope","https:\/\/www.instagram.com\/usapulseseurope\/","https:\/\/www.tiktok.com\/@usapulseseurope"]}]}},"featured_image_src":null,"featured_image_src_square":null,"_links":{"self":[{"href":"https:\/\/usapulseseu.org\/pt-pt\/wp-json\/wp\/v2\/pages\/32707","targetHints":{"allow":["GET"]}}],"collection":[{"href":"https:\/\/usapulseseu.org\/pt-pt\/wp-json\/wp\/v2\/pages"}],"about":[{"href":"https:\/\/usapulseseu.org\/pt-pt\/wp-json\/wp\/v2\/types\/page"}],"author":[{"embeddable":true,"href":"https:\/\/usapulseseu.org\/pt-pt\/wp-json\/wp\/v2\/users\/3"}],"replies":[{"embeddable":true,"href":"https:\/\/usapulseseu.org\/pt-pt\/wp-json\/wp\/v2\/comments?post=32707"}],"version-history":[{"count":0,"href":"https:\/\/usapulseseu.org\/pt-pt\/wp-json\/wp\/v2\/pages\/32707\/revisions"}],"up":[{"embeddable":true,"href":"https:\/\/usapulseseu.org\/pt-pt\/wp-json\/wp\/v2\/pages\/32663"}],"wp:attachment":[{"href":"https:\/\/usapulseseu.org\/pt-pt\/wp-json\/wp\/v2\/media?parent=32707"}],"wp:term":[{"taxonomy":"dipi_cpt_category","embeddable":true,"href":"https:\/\/usapulseseu.org\/pt-pt\/wp-json\/wp\/v2\/dipi_cpt_category?post=32707"}],"curies":[{"name":"wp","href":"https:\/\/api.w.org\/{rel}","templated":true}]}}